{"id":102,"date":"2017-07-24T19:59:14","date_gmt":"2017-07-24T19:59:14","guid":{"rendered":"http:\/\/natours.hu\/?page_id=102"},"modified":"2022-07-03T11:07:49","modified_gmt":"2022-07-03T11:07:49","slug":"camping","status":"publish","type":"page","link":"https:\/\/natours.hu\/en\/camping\/","title":{"rendered":"Camping","raw":"Camping"},"content":{"rendered":"<h1>Camping<\/h1>\n<p>We offer pitches with electric hook-ups for tents and caravans from 1st of May to 17th of September. Log cabins for two or four persons are available if booked in advance. There are also caravans (2-3-4 persons) for hire.<\/p>\n<p>Facilities in the campsite include Internet, snack-bar, a small restaurant offering Hungarian specialities, showers with cold and hot water, flushing toilets. If you come with notebook we also provide wireless connection. An open barbecue pitch and a kitchen maintained especially for the camping guests offer possibility for cooking.<\/p>\n<p>We aim to make your stay at Sziks\u00f3sf\u00fcrd\u0151 Naturist Camping as pleasureable and relaxing as possible, however for those with a bit more get up and go there are plenty of activities, sporting facilities in the camping:<\/p>\n","protected":false,"raw":"<h1>Camping<\/h1>\r\nWe offer pitches with electric hook-ups for tents and caravans from 1st of May to 17th of September. Log cabins for two or four persons are available if booked in advance. There are also caravans (2-3-4 persons) for hire.\r\n\r\nFacilities in the campsite include Internet, snack-bar, a small restaurant offering Hungarian specialities, showers with cold and hot water, flushing toilets. If you come with notebook we also provide wireless connection. An open barbecue pitch and a kitchen maintained especially for the camping guests offer possibility for cooking.\r\n\r\nWe aim to make your stay at Sziks\u00f3sf\u00fcrd\u0151 Naturist Camping as pleasureable and relaxing as possible, however for those with a bit more get up and go there are plenty of activities, sporting facilities in the camping:"},"excerpt":{"rendered":"","protected":false,"raw":""},"author":1,"featured_media":0,"parent":0,"menu_order":0,"comment_status":"closed","ping_status":"closed","template":"","meta":{"_hu_post_content":"[av_textblock size='' font_color='' color='' admin_preview_bg='']\r\n<h1 id=\"page-title\" class=\"title\">Kemping<\/h1>\r\n<p class=\"leiras\">\u00a0A\u00a0<strong>m\u00e1jus 1-t\u0151l szeptember 17-ig nyitva tart\u00f3<\/strong> kemping\u00fcnkben \u00e1rammal ell\u00e1tott s\u00e1tor- \u00e9s lak\u00f3kocsi helyekkel \u00e1llunk vend\u00e9geink rendelkez\u00e9s\u00e9re.<\/p>\r\n<p class=\"leiras\">\u00a0A<strong><span style=\"color: #3366ff;\"><a style=\"color: #3366ff;\" href=\"http:\/\/www.natours.hu\/map\"> strand \u00e9s kemping t\u00e9rk\u00e9pen<\/a><\/span><\/strong>\u00a0megtekinthet\u0151.<\/p>\r\n\r\n<ul>\r\n \t<li class=\"leiras\"><strong>Kett\u0151 \u00e9s n\u00e9gy\u00e1gyas bungal\u00f3inkban<\/strong>, b\u00e9relhet\u0151\u00a0<strong>saj\u00e1t lak\u00f3kocsijainkban<\/strong>,<strong>\u00a0lak\u00f3s\u00e1trainkban<\/strong>\u00a0el\u0151zetes bejelentkez\u00e9s alapj\u00e1n tudunk helyet biztos\u00edtani.<\/li>\r\n \t<li class=\"leiras\">A strand \u00e9s kemping\u00a0<strong>ter\u00fclet\u00e9n b\u00fcf\u00e9, l\u00e1tv\u00e1nykonyh\u00e1s gyors\u00e9tterem, hideg-melegvizes zuhanyz\u00f3k, v\u00edz\u00f6bl\u00edt\u00e9ses WC<\/strong>-k vannak.<\/li>\r\n \t<li class=\"leiras\">F\u0151z\u00e9sre, egy ki\u00e9p\u00edtett szabad\u00a0<strong>t\u0171zrak\u00f3 hely<\/strong>\u00a0\u00e9s egy\u00a0<strong>vend\u00e9gkonyha<\/strong>\u00a0ad lehet\u0151s\u00e9get.<\/li>\r\n \t<li class=\"leiras\">M\u00f3d van sportol\u00e1sra.<\/li>\r\n \t<li class=\"leiras\">Lehet r\u00f6plabd\u00e1zni, turulozni, tollasozni, l\u00e1bteng\u00f3zni, van konditerem, leng\u0151teke, asztalitenisz, bili\u00e1rd, csocs\u00f3 \u00e9s term\u00e9szetesen lehet \u00faszni, futni, focizni, t\u00far\u00e1zni.<\/li>\r\n \t<li class=\"leiras\">A sek\u00e9ly v\u00edzben sokf\u00e9le v\u00edzij\u00e1t\u00e9k, szabadt\u00e9ri j\u00e1tsz\u00f3t\u00e9r, z\u00e1rt j\u00e1tsz\u00f3szoba ny\u00fajt sz\u00f3rakoz\u00e1st a kisebbeknek.<\/li>\r\n \t<li class=\"leiras\">A kempingben az esti sz\u00f3rakoz\u00e1st a k\u00f6z\u00f6ss\u00e9gi helyis\u00e9gekben t\u00e1rsasj\u00e1t\u00e9kok, olvas\u00f3szoba k\u00f6nyvekkel, \u00fajs\u00e1gokkal, internet, valamint multim\u00e9di\u00e1s lehet\u0151s\u00e9gek biztos\u00edtj\u00e1k. Sz\u00e1mos egy\u00e9b programunk mellett minden \u00e9vben megrendezz\u00fck a Nemzetk\u00f6zi Naturista Sporttal\u00e1lkoz\u00f3t.<\/li>\r\n \t<li class=\"leiras\">Kemping\u00fcnkben az<strong>\u00a0INF<\/strong>, a\u00a0<strong>NAVKE<\/strong>, az\u00a0<strong>MNE<\/strong>\u00a0\u00e9s a\u00a0<strong>Balatonber\u00e9nyi Naturista Bar\u00e1ti K\u00f6r<\/strong>\u00a0tagjainak\u00a0<strong>10 %, ADAC tagoknak 15% kedvezm\u00e9nyt adunk<\/strong>.<\/li>\r\n \t<li class=\"leiras\" style=\"text-align: left;\"><strong><strong>6 \u00e9ves kor alatt a strand \u00e9s a kemping haszn\u00e1lata ingyenes.<\/strong><\/strong><\/li>\r\n<\/ul>\r\n<h1 id=\"page-title\" class=\"title\" style=\"text-align: left;\">Szezonon k\u00edv\u00fcl<\/h1>\r\nSzezonon k\u00edv\u00fcl a wellness-fah\u00e1z \u00e9s a kemping z\u00e1rtk\u00f6r\u0171en kib\u00e9relhet\u0151 b\u00e1rmikor bar\u00e1ti t\u00e1rsas\u00e1gok, csoportok r\u00e9sz\u00e9re.\r\n\r\nR\u00e9szletek:\r\n<table border=\"1\" width=\"692\" cellspacing=\"0\" cellpadding=\"0\">\r\n<tbody>\r\n<tr>\r\n<td><strong>Jelleg<\/strong><\/td>\r\n<td><strong>Id\u0151szak<\/strong><\/td>\r\n<td><strong>Szolg\u00e1ltat\u00e1sok<\/strong><\/td>\r\n<\/tr>\r\n<tr>\r\n<td rowspan=\"3\"><strong>Z\u00e1rtk\u00f6r\u0171 csoportoknak (max.25 f\u0151)<\/strong><\/td>\r\n<td><strong>2nap<\/strong>\r\n(p\u00e9ntek 16.00-vas\u00e1rnap 22.00-ig)<\/td>\r\n<td>wc, f\u00fcrd\u0151szoba, f\u0171t\u00e9s, szauna, jacuzzi, j\u00e1tsz\u00f3szoba, tv, st\u00fadi\u00f3, ping-pong, 4-6 f\u0151nek tet\u0151-szoba, 20 f\u0151nek gal\u00e9ri\u00e1s alv\u00f3hely, alv\u00e1shoz matrac, takar\u00f3-p\u00e1rna (huzat n\u00e9lk\u00fcl), sz\u00e1ll.foglal\u00e1s panzi\u00f3ban ig\u00e9ny eset\u00e9n, szabadt\u00e9ri s\u00fct\u00e9si lehet\u0151s\u00e9g, parkol\u00e1s, internet, csocs\u00f3, bili\u00e1rd,\u00a0<strong><em>k\u00fcl\u00f6n f<\/em>i<em>zet\u00e9s ellen\u00e9ben<\/em>:<\/strong>\u00a03 f\u0171thet\u0151 lak\u00f3kocsi<\/td>\r\n<\/tr>\r\n<tr>\r\n<td><strong>1 nap<\/strong>\r\n(p\u00e9ntek16.00-szombat15.00ig,\r\nszombat16.00-vas\u00e1rnap estig)<\/td>\r\n<td>wc, f\u00fcrd\u0151szoba, f\u0171t\u00e9s, szauna, jacuzzi, j\u00e1tsz\u00f3szoba, tv, st\u00fadi\u00f3, ping-pong, 4-6 f\u0151nek tet\u0151-szoba, 20 f\u0151nek gal\u00e9ri\u00e1s alv\u00f3hely, alv\u00e1shoz matrac, takar\u00f3-p\u00e1rna (huzat n\u00e9lk\u00fcl), sz\u00e1ll.foglal\u00e1s panzi\u00f3ban ig\u00e9ny eset\u00e9n, szabadt\u00e9ri s\u00fct\u00e9si lehet\u0151s\u00e9g, parkol\u00e1s, internet, csocs\u00f3, bili\u00e1rd,\u00a0<strong><em>k\u00fcl\u00f6n f<\/em>i<em>zet\u00e9s ellen\u00e9ben<\/em>:<\/strong>\u00a03 f\u0171thet\u0151 lak\u00f3kocsi<\/td>\r\n<\/tr>\r\n<tr>\r\n<td><strong>1\/2 nap<\/strong>\r\n(9.30-15.30-ig, 16.00-22.00ig)<\/td>\r\n<td>wc, f\u00fcrd\u0151szoba, f\u0171t\u00e9s, szauna, jacuzzi, j\u00e1tsz\u00f3szoba, tv, st\u00fadi\u00f3, ping-pong, szabadt\u00e9ri s\u00fct\u00e9si lehet\u0151s\u00e9g, parkol\u00e1s, internet, csocs\u00f3, bili\u00e1rd<\/td>\r\n<\/tr>\r\n<\/tbody>\r\n<\/table>\r\n[\/av_textblock]","_hu_post_name":"kemping","_hu_post_excerpt":"","_hu_post_title":"Kemping","_en_post_content":"<h1>Camping<\/h1>\r\nWe offer pitches with electric hook-ups for tents and caravans from 1st of May to 17th of September. Log cabins for two or four persons are available if booked in advance. There are also caravans (2-3-4 persons) for hire.\r\n\r\nFacilities in the campsite include Internet, snack-bar, a small restaurant offering Hungarian specialities, showers with cold and hot water, flushing toilets. If you come with notebook we also provide wireless connection. An open barbecue pitch and a kitchen maintained especially for the camping guests offer possibility for cooking.\r\n\r\nWe aim to make your stay at Sziks\u00f3sf\u00fcrd\u0151 Naturist Camping as pleasureable and relaxing as possible, however for those with a bit more get up and go there are plenty of activities, sporting facilities in the camping:","_en_post_name":"camping","_en_post_excerpt":"","_en_post_title":"Camping","edit_language":"en"},"_links":{"self":[{"href":"https:\/\/natours.hu\/en\/wp-json\/wp\/v2\/pages\/102"}],"collection":[{"href":"https:\/\/natours.hu\/en\/wp-json\/wp\/v2\/pages"}],"about":[{"href":"https:\/\/natours.hu\/en\/wp-json\/wp\/v2\/types\/page"}],"author":[{"embeddable":true,"href":"https:\/\/natours.hu\/en\/wp-json\/wp\/v2\/users\/1"}],"replies":[{"embeddable":true,"href":"https:\/\/natours.hu\/en\/wp-json\/wp\/v2\/comments?post=102"}],"version-history":[{"count":14,"href":"https:\/\/natours.hu\/en\/wp-json\/wp\/v2\/pages\/102\/revisions"}],"predecessor-version":[{"id":6026,"href":"https:\/\/natours.hu\/en\/wp-json\/wp\/v2\/pages\/102\/revisions\/6026"}],"wp:attachment":[{"href":"https:\/\/natours.hu\/en\/wp-json\/wp\/v2\/media?parent=102"}],"curies":[{"name":"wp","href":"https:\/\/api.w.org\/{rel}","templated":true}]}}