{"id":158,"date":"2017-07-26T07:12:06","date_gmt":"2017-07-26T07:12:06","guid":{"rendered":"http:\/\/natours.hu\/?page_id=158"},"modified":"2023-12-04T14:32:26","modified_gmt":"2023-12-04T14:32:26","slug":"","status":"publish","type":"page","link":"https:\/\/natours.hu\/en\/naturism-news\/naturlista\/","title":{"rendered":"","raw":""},"content":{"rendered":"","protected":false,"raw":""},"excerpt":{"rendered":"","protected":false,"raw":""},"author":1,"featured_media":0,"parent":2524,"menu_order":0,"comment_status":"closed","ping_status":"closed","template":"","meta":{"_hu_post_content":"[av_section min_height='' min_height_px='500px' padding='default' shadow='no-shadow' bottom_border='no-border-styling' bottom_border_diagonal_color='#333333' bottom_border_diagonal_direction='' bottom_border_style='' id='' color='main_color' custom_bg='#f4f4f4' src='' attachment='' attachment_size='' attach='scroll' position='top left' repeat='no-repeat' video='' video_ratio='16:9' overlay_opacity='0.5' overlay_color='' overlay_pattern='' overlay_custom_pattern='' av_element_hidden_in_editor='0']\r\n[av_heading heading='Naturlista' tag='h1' style='blockquote modern-quote modern-centered' size='' subheading_active='' subheading_size='15' padding='10' color='' custom_font='' admin_preview_bg=''][\/av_heading]\r\n[\/av_section]\r\n\r\n[av_layout_row border='av-border-cells' min_height_percent='100' min_height='0' color='main_color' mobile='av-flex-cells' id='naturizmushirekracs' av_element_hidden_in_editor='0']\r\n\r\n[av_cell_one_fifth vertical_align='top' padding='30px' padding_sync='true' background_color='' src='' attachment='' attachment_size='' background_attachment='scroll' background_position='top left' background_repeat='no-repeat' mobile_display='av-hide-on-mobile']\r\n\r\n[\/av_cell_one_fifth][av_cell_one_fifth vertical_align='top' padding='0px' padding_sync='true' background_color='' src='' attachment='' attachment_size='' background_attachment='scroll' background_position='top left' background_repeat='no-repeat' mobile_display='']\r\n\r\n[av_one_full first min_height='av-equal-height-column' vertical_alignment='av-align-middle' space='no_margin' margin='0px' margin_sync='true' padding='0px' padding_sync='true' border='' border_color='' radius='0px' radius_sync='true' background_color='' src='' attachment='' attachment_size='' background_position='top left' background_repeat='no-repeat' animation='' mobile_display='']\r\n\r\n[av_table purpose='tabular' pricing_table_design='avia_pricing_minimal' pricing_hidden_cells='' caption='' responsive_styling='avia_responsive_table']\r\n[av_row row_style='avia-heading-row'][av_cell col_style='avia-center-col']<a class=\"natlink\" style=\"color: dark-blue; text-decoration: none;\" href=\"http:\/\/natours.hu\/hu\/naturizmus-hirek\/\">Etikett , H\u00e1zirend<\/a>[\/av_cell][\/av_row]\r\n[av_row row_style='avia-heading-row'][av_cell col_style='avia-center-col']<a class=\"natlink\" style=\"color: dark-blue; text-decoration: none;\" href=\"http:\/\/natours.hu\/hu\/naturizmushirek\/hirek-archivum\/\">H\u00edrek \/ arch\u00edvum<\/a>[\/av_cell][\/av_row]\r\n[av_row row_style='avia-heading-row'][av_cell col_style='avia-center-col']<a class=\"natlink\" style=\"color: dark-blue; text-decoration: none;\" href=\"http:\/\/natours.hu\/hu\/naturizmushirek\/a_naturizmusrol\/\">A naturizmusr\u00f3l<\/a>[\/av_cell][\/av_row]\r\n[av_row row_style='avia-heading-row'][av_cell col_style='avia-center-col']<a class=\"natlink\" style=\"color: dark-blue; text-decoration: none;\" href=\"http:\/\/natours.hu\/hu\/naturizmushirek\/szovetsegeink\/\">Sz\u00f6vets\u00e9geink<\/a>[\/av_cell][\/av_row]\r\n[av_row row_style='avia-heading-row'][av_cell col_style='avia-center-col']<a class=\"natlink\" style=\"color: dark-blue; text-decoration: none;\" href=\"http:\/\/natours.hu\/hu\/naturizmushirek\/tarsegyesuletek\/\">T\u00e1rsegyes\u00fcletek<\/a>[\/av_cell][\/av_row]\r\n[av_row row_style='avia-heading-row'][av_cell col_style='avia-center-col']<a class=\"natlink\" style=\"color: dark-blue; text-decoration: none;\" href=\"http:\/\/natours.hu\/hu\/naturizmushirek\/orszagos_programok\/\">Orsz\u00e1gos programok<\/a>[\/av_cell][\/av_row]\r\n[av_row row_style='avia-heading-row'][av_cell col_style='avia-center-col']<a class=\"natlink\" style=\"color: dark-blue; text-decoration: none;\" href=\"http:\/\/natours.hu\/hu\/naturizmushirek\/naturlista\/\">Naturlista<\/a>[\/av_cell][\/av_row]\r\n[av_row row_style='avia-heading-row'][av_cell col_style='avia-center-col']<a class=\"natlink\" style=\"color: dark-blue; text-decoration: none;\" href=\"http:\/\/natours.hu\/hu\/naturizmushirek\/szegedi_programok\/\">Szegedi programok<\/a>[\/av_cell][\/av_row]\r\n[av_row row_style='avia-heading-row'][av_cell col_style='avia-center-col']<a class=\"natlink\" style=\"color: dark-blue; text-decoration: none;\" href=\"http:\/\/natours.hu\/hu\/naturizmushirek\/hasznos_honlapok\/\">Hasznos honlapok<\/a>[\/av_cell][\/av_row]\r\n[\/av_table]\r\n\r\n[\/av_one_full][\/av_cell_one_fifth][av_cell_three_fifth vertical_align='top' padding='40px' padding_sync='true' background_color='' src='' attachment='' attachment_size='' background_attachment='scroll' background_position='top left' background_repeat='no-repeat' mobile_display='']\r\n\r\n[av_one_full first min_height='' vertical_alignment='av-align-top' space='no_margin' margin='40px,0px' padding='0px' padding_sync='true' border='' border_color='' radius='0px' radius_sync='true' background_color='' src='' attachment='' attachment_size='' background_position='top left' background_repeat='no-repeat' animation='' mobile_display='']\r\n\r\n[av_textblock size='' font_color='' color='' admin_preview_bg='']\r\n<h3><span style=\"background-color: #ffff00;\">Mi is val\u00f3j\u00e1ban ez a levelez\u0151lista?<\/span><\/h3>\r\nEz egy orsz\u00e1gos, 650-700 naturista tagot sz\u00e1ml\u00e1l\u00f3 levelez\u0151lista, amelyhez itt te is csatlakozhatsz. A l\u00e9nyege, hogy miut\u00e1n feliratkozt\u00e1l, elegend\u0151 a <span style=\"color: #0000ff;\">naturizmus kukac natours.hu<\/span> c\u00edmre \u00edrnod amit szeretn\u00e9l, \u00e9s azt mindenki megkapja, aki fel van iratkozva.\r\n<h3><span style=\"background-color: #ffff00;\">Feliratkoz\u00e1s a Naturlist\u00e1ra<\/span><\/h3>\r\n<form class=\"node-form node-page-form\" action=\"http:\/\/mailman.natours.hu\/cgi-bin\/mailman\/subscribe\/naturizmus\" method=\"post\">\r\n<div>\r\n\r\nEz egy z\u00e1rtk\u00f6r\u0171 lista, a feliratkoz\u00e1sod enged\u00e9lyez\u00e9sig f\u00fcgg\u0151ben marad. A szerkeszt\u0151 d\u00f6nt\u00e9s\u00e9r\u0151l e-mailben \u00e9rtes\u00edt\u00e9st fogsz kapni. A lista tov\u00e1bb\u00e1 egy rejtett lista, a tagok list\u00e1ja csakis a lista adminisztr\u00e1tora sz\u00e1m\u00e1ra \u00e9rhet\u0151 el.\r\n<div class=\"form-item form-type-textfield form-item-title\"><label for=\"email\">Az e-mail c\u00edmed<span class=\"form-required\" title=\"Sz\u00fcks\u00e9ges mez\u0151.\">*<\/span><\/label> <input id=\"email\" class=\"form-text required\" maxlength=\"255\" name=\"email\" size=\"60\" type=\"text\" value=\"\" \/><\/div>\r\n<div class=\"form-item form-type-textfield form-item-title\"><label for=\"fullname\">A neved<span class=\"form-required\" title=\"Sz\u00fcks\u00e9ges mez\u0151.\">*<\/span><\/label> <input id=\"fullname\" class=\"form-text required\" maxlength=\"255\" name=\"fullname\" size=\"60\" type=\"text\" value=\"\" \/><\/div>\r\nHavonta egyszer a jelszavad eml\u00e9keztet\u0151\u00fcl e-mailben elk\u00fcld\u00e9sre ker\u00fcl.\r\n<div class=\"form-item form-type-textfield form-item-title\"><label for=\"pw\">Adj meg egy jelsz\u00f3t<span class=\"form-required\" title=\"Sz\u00fcks\u00e9ges mez\u0151.\">*<\/span><\/label> <input id=\"pw\" class=\"form-text required\" name=\"pw\" size=\"15\" type=\"password\" \/><\/div>\r\n<div class=\"form-item form-type-textfield form-item-title\"><label for=\"pw-conf\">Add meg ism\u00e9t<span class=\"form-required\" title=\"Sz\u00fcks\u00e9ges mez\u0151.\">*<\/span><\/label> <input id=\"pw-conf\" class=\"form-text required\" name=\"pw-conf\" size=\"15\" type=\"password\" \/><\/div>\r\n<div class=\"form-item form-type-textfield form-item-title\"><label for=\"language\">Milyen nyelven szeretn\u00e9d olvasni a leveleket?<\/label><select id=\"language\" class=\"form-text\" name=\"language\">\r\n<option selected=\"selected\" value=\"hu\">Magyar\/Hungarian<\/option>\r\n<option value=\"en\">Angol (USA)\/English (USA)<\/option>\r\n<\/select><\/div>\r\n<div class=\"form-item form-type-textfield form-item-title\"><label for=\"digest\">Szeretn\u00e9d a leveleket egy napi \u00f6sszes\u00edt\u00e9sben kapni?<\/label> <input id=\"digest\" checked=\"checked\" name=\"digest\" type=\"radio\" value=\"0\" \/> Nem <input name=\"digest\" type=\"radio\" value=\"1\" \/> Igen<\/div>\r\n<div class=\"form-actions form-wrapper\"><input class=\"form-submit\" name=\"op\" type=\"submit\" value=\"Feliratkoz\u00e1s\" \/><\/div>\r\n<\/div>\r\n<\/form>\r\n<h3><span style=\"background-color: #ffff00;\">Naturlista tagok r\u00e9sz\u00e9re:<\/span><\/h3>\r\n<form class=\"node-form node-page-form\" action=\"http:\/\/mailman.natours.hu\/cgi-bin\/mailman\/options\/naturizmus\" method=\"POST\">Naturizmus list\u00e1r\u00f3l val\u00f3 leiratkoz\u00e1shoz, jelsz\u00f3 lek\u00e9rdez\u00e9s\u00e9hez, vagy a listatags\u00e1gi be\u00e1ll\u00edt\u00e1said megv\u00e1ltoztat\u00e1s\u00e1hoz add meg itt a feliratkoz\u00e1si e-mail c\u00edmedet:\r\n<div class=\"form-item form-type-textfield form-item-title\"><input name=\"email\" size=\"30\" type=\"TEXT\" value=\"\" \/><\/div>\r\n<div class=\"form-actions form-wrapper\"><input name=\"UserOptions\" type=\"SUBMIT\" value=\"Leiratkoz\u00e1s vagy be\u00e1ll\u00edt\u00e1sok m\u00f3dos\u00edt\u00e1sa\" \/><\/div>\r\n<input name=\"language\" type=\"HIDDEN\" value=\"hu\" \/>\r\n\r\n<\/form>Adminisztr\u00e1tor: <span style=\"color: #0000ff;\">drsandor kukac natours.hu<\/span>; <span style=\"color: #0000ff;\">hlavathy.zoltan kukac energia.mta.hu<\/span>\r\n\r\n<a href=\"http:\/\/mailman.natours.hu\/cgi-bin\/mailman\/admin\/naturizmus\">Naturizmus adminisztr\u00e1ci\u00f3s fel\u00fclet<\/a> (azonos\u00edt\u00e1s sz\u00fcks\u00e9ges)\r\n[\/av_textblock]\r\n\r\n[\/av_one_full][\/av_cell_three_fifth][\/av_layout_row]","_hu_post_name":"naturlista","_hu_post_excerpt":"","_hu_post_title":"Naturlista","_en_post_content":"","_en_post_name":"","_en_post_excerpt":"","_en_post_title":"","edit_language":"en"},"_links":{"self":[{"href":"https:\/\/natours.hu\/en\/wp-json\/wp\/v2\/pages\/158"}],"collection":[{"href":"https:\/\/natours.hu\/en\/wp-json\/wp\/v2\/pages"}],"about":[{"href":"https:\/\/natours.hu\/en\/wp-json\/wp\/v2\/types\/page"}],"author":[{"embeddable":true,"href":"https:\/\/natours.hu\/en\/wp-json\/wp\/v2\/users\/1"}],"replies":[{"embeddable":true,"href":"https:\/\/natours.hu\/en\/wp-json\/wp\/v2\/comments?post=158"}],"version-history":[{"count":33,"href":"https:\/\/natours.hu\/en\/wp-json\/wp\/v2\/pages\/158\/revisions"}],"predecessor-version":[{"id":7293,"href":"https:\/\/natours.hu\/en\/wp-json\/wp\/v2\/pages\/158\/revisions\/7293"}],"up":[{"embeddable":true,"href":"https:\/\/natours.hu\/en\/wp-json\/wp\/v2\/pages\/2524"}],"wp:attachment":[{"href":"https:\/\/natours.hu\/en\/wp-json\/wp\/v2\/media?parent=158"}],"curies":[{"name":"wp","href":"https:\/\/api.w.org\/{rel}","templated":true}]}}