{"id":19,"date":"2017-06-19T18:43:26","date_gmt":"2017-06-19T18:43:26","guid":{"rendered":"http:\/\/natours.hu\/?page_id=19"},"modified":"2022-03-10T07:58:01","modified_gmt":"2022-03-10T07:58:01","slug":"cookie-szabalyzat","status":"publish","type":"page","link":"https:\/\/natours.hu\/hu\/cookie-szabalyzat\/","title":{"rendered":"cookie szab\u00e1lyzat"},"content":{"rendered":"<p><strong>Az \u00d6n hozz\u00e1j\u00e1rul\u00e1sa<\/strong><\/p>\n<p><span style=\"color: #000000;\">A honlap b\u00f6ng\u00e9sz\u00e9s\u00e9vel elfogadja, hogy cookie-kat helyezz\u00fcnk el az \u00d6n sz\u00e1m\u00edt\u00f3g\u00e9p\u00e9n abb\u00f3l a c\u00e9lb\u00f3l, hogy elemezni tudjuk, hogyan haszn\u00e1lja honlapunkat.\u00a0Hogyha nem egyezik bele, hogy cookie-kat haszn\u00e1ljunk, amikor \u00d6n ezen az oldalon b\u00f6ng\u00e9szik, el\u0151fordulhat, hogy weboldalunk nem fog teljesk\u00f6r\u0171en m\u0171k\u00f6dni.<\/span><\/p>\n<p><strong>Mi az a cookie?<\/strong><\/p>\n<p><span style=\"color: #000000;\">A s\u00fctik (cookie) kis inform\u00e1ci\u00f3csomagk\u00e9nt m\u0171k\u00f6d\u0151 sz\u00f6veges f\u00e1jlok, amelyeket a szerver a sz\u00e1m\u00edt\u00f3g\u00e9p\u00e9nek, okostelefonj\u00e1nak vagy m\u00e1s eszk\u00f6z\u00e9nek k\u00fcld, amikor megl\u00e1togat egy weboldalt. Ezeket a k\u00e9sz\u00fcl\u00e9ke lementi, majd visszak\u00fcldi minden k\u00e9s\u0151bbi l\u00e1togat\u00e1skor az eredeti weboldalnak vagy egy m\u00e1sik weboldalnak, amely felismeri az adott cookie-t. A s\u00fctik hasznosak, mivel seg\u00edts\u00e9g\u00fckkel a weboldal k\u00e9pes felismerni a felhaszn\u00e1l\u00f3 k\u00e9sz\u00fcl\u00e9k\u00e9t.<\/span><\/p>\n<p><strong>Az \u00e1ltalunk haszn\u00e1lt cookie-k:<\/strong><\/p>\n<p><strong>Google analytics<\/strong><\/p>\n<p><span style=\"color: #000000;\">A Google Analytics r\u00e9v\u00e9n inform\u00e1ci\u00f3kat gy\u0171jt\u00fcnk arra vonatkoz\u00f3an, hogy a honlap l\u00e1togat\u00f3i mik\u00e9nt haszn\u00e1lj\u00e1k az oldalt.<\/span><\/p>\n<p><span style=\"color: #000000;\">A Google Analiytics adatokat gy\u0171jt arr\u00f3l, hogy \u00d6n milyen oldalakat keres fel, ott mennyi ideig tart\u00f3zkodik, hogyan jutott oda \u00e9s mire kattint r\u00e1. Mivel ennek keret\u00e9ben nem gy\u0171jtj\u00fck \u00e9s nem t\u00e1roljuk az \u00d6n nev\u00e9t vagy c\u00edm\u00e9t, ezek az adatok nem alkalmasak az \u00d6n azonos\u00edt\u00e1s\u00e1ra, tov\u00e1bb\u00e1 nem enged\u00e9lyezz\u00fck, hogy a Google ezeket saj\u00e1t c\u00e9ljaira haszn\u00e1lja vagy b\u00e1rkivel megossza.<\/span><\/p>\n<table border=\"1\" cellspacing=\"0\" cellpadding=\"0\">\n<tbody>\n<tr>\n<td>\n<p align=\"center\"><span style=\"color: #000000;\">N\u00e9v<\/span><\/p>\n<\/td>\n<td>\n<p align=\"center\"><span style=\"color: #000000;\">Le\u00edr\u00e1s<\/span><\/p>\n<\/td>\n<td>\n<p align=\"center\"><span style=\"color: #000000;\">Tartalmaz linket vagy szem\u00e9lyes adatot?<\/span><\/p>\n<\/td>\n<td>\n<p align=\"center\"><span style=\"color: #000000;\">Lej\u00e1rat(mikor ker\u00fcl t\u00f6rl\u00e9sre a k\u00e9sz\u00fcl\u00e9kr\u0151l)<\/span><\/p>\n<\/td>\n<\/tr>\n<tr>\n<td><span style=\"color: #000000;\">_utma<\/span><\/td>\n<td><span style=\"color: #000000;\">Statisztik\u00e1kat szolg\u00e1ltat arr\u00f3l, hogy haszn\u00e1lj\u00e1k weboldalunkat.<\/span><\/td>\n<td><span style=\"color: #000000;\">Nem<\/span><\/td>\n<td><span style=\"color: #000000;\">2 \u00e9v<\/span><\/td>\n<\/tr>\n<tr>\n<td><span style=\"color: #000000;\">_utmb<\/span><\/td>\n<td><span style=\"color: #000000;\">Statisztik\u00e1kat szolg\u00e1ltat arr\u00f3l, hogy haszn\u00e1lj\u00e1k weboldalunkat.<\/span><\/td>\n<td><span style=\"color: #000000;\">Nem<\/span><\/td>\n<td><span style=\"color: #000000;\">30 perc<\/span><\/td>\n<\/tr>\n<tr>\n<td><span style=\"color: #000000;\">_utmc<\/span><\/td>\n<td><span style=\"color: #000000;\">Statisztik\u00e1kat szolg\u00e1ltat arr\u00f3l, hogy haszn\u00e1lj\u00e1k weboldalunkat.<\/span><\/td>\n<td><span style=\"color: #000000;\">Nem<\/span><\/td>\n<td><span style=\"color: #000000;\">A b\u00f6ng\u00e9sz\u0151 bez\u00e1r\u00e1sakor<\/span><\/td>\n<\/tr>\n<tr>\n<td><span style=\"color: #000000;\">_utmt<\/span><\/td>\n<td><span style=\"color: #000000;\">Statisztik\u00e1kat szolg\u00e1ltat arr\u00f3l, hogy haszn\u00e1lj\u00e1k weboldalunkat.<\/span><\/td>\n<td><span style=\"color: #000000;\">Nem<\/span><\/td>\n<td><span style=\"color: #000000;\">10 perc<\/span><\/td>\n<\/tr>\n<tr>\n<td><span style=\"color: #000000;\">_utmz<\/span><\/td>\n<td><span style=\"color: #000000;\">Statisztik\u00e1kat szolg\u00e1ltat arr\u00f3l, hogy haszn\u00e1lj\u00e1k weboldalunkat.<\/span><\/td>\n<td><span style=\"color: #000000;\">Nem<\/span><\/td>\n<td><span style=\"color: #000000;\">6 h\u00f3nap<\/span><\/td>\n<\/tr>\n<tr>\n<td><span style=\"color: #000000;\">_ga<\/span><\/td>\n<td><span style=\"color: #000000;\">Statisztik\u00e1kat szolg\u00e1ltat arr\u00f3l, hogy haszn\u00e1lj\u00e1k weboldalunkat.<\/span><\/td>\n<td><span style=\"color: #000000;\">Nem<\/span><\/td>\n<td><span style=\"color: #000000;\">2 \u00e9v<\/span><\/td>\n<\/tr>\n<tr>\n<td><span style=\"color: #000000;\">_gat<\/span><\/td>\n<td><span style=\"color: #000000;\">Statisztik\u00e1kat szolg\u00e1ltat arr\u00f3l, hogy haszn\u00e1lj\u00e1k weboldalunkat.<\/span><\/td>\n<td><span style=\"color: #000000;\">Nem<\/span><\/td>\n<td><span style=\"color: #000000;\">10 perc<\/span><\/td>\n<\/tr>\n<\/tbody>\n<\/table>\n<p><span style=\"color: #000000;\">Tov\u00e1bbi inform\u00e1ci\u00f3kat az al\u00e1bbi c\u00edmen tal\u00e1l:<\/span> <a href=\"https:\/\/developers.google.com\/analytics\/devguides\/collection\/analyticsjs\/cookie-usage\">https:\/\/developers.google.com\/analytics\/devguides\/collection\/analyticsjs\/cookie-usage<\/a><\/p>\n<p><strong>Hogyan lehet visszavonni a hozz\u00e1j\u00e1rul\u00e1st?<\/strong><\/p>\n<p><span style=\"color: #000000;\">Ha hozz\u00e1j\u00e1rult a cookie-k haszn\u00e1lat\u00e1hoz, a b\u00f6ng\u00e9sz\u0151 cookie-kat t\u00e1rol az \u00d6n sz\u00e1m\u00edt\u00f3g\u00e9p\u00e9n vagy egy\u00e9b eszk\u00f6z\u00e9n, hogy rendszer\u00fcnk felismerje be\u00e1ll\u00edt\u00e1sait. A hozz\u00e1j\u00e1rul\u00e1s \u00e9rv\u00e9nyess\u00e9ge id\u0151nk\u00e9nt lej\u00e1r. Azonban, hogyha szeretn\u00e9 visszavonni hozz\u00e1j\u00e1rul\u00e1s\u00e1t, a b\u00f6ng\u00e9sz\u0151je cookie be\u00e1ll\u00edt\u00e1sai k\u00f6z\u00f6tt b\u00e1rmikor megteheti.<\/span><\/p>\n","protected":false},"excerpt":{"rendered":"<p>Az \u00d6n hozz\u00e1j\u00e1rul\u00e1sa A honlap b\u00f6ng\u00e9sz\u00e9s\u00e9vel elfogadja, hogy cookie-kat helyezz\u00fcnk el az \u00d6n sz\u00e1m\u00edt\u00f3g\u00e9p\u00e9n abb\u00f3l a c\u00e9lb\u00f3l, hogy elemezni tudjuk, hogyan haszn\u00e1lja honlapunkat.\u00a0Hogyha nem egyezik bele, hogy cookie-kat haszn\u00e1ljunk, amikor \u00d6n ezen az oldalon b\u00f6ng\u00e9szik, el\u0151fordulhat, hogy weboldalunk nem fog teljesk\u00f6r\u0171en m\u0171k\u00f6dni. Mi az a cookie? A s\u00fctik (cookie) kis inform\u00e1ci\u00f3csomagk\u00e9nt m\u0171k\u00f6d\u0151 sz\u00f6veges f\u00e1jlok, amelyeket [&hellip;]<\/p>\n","protected":false},"author":1,"featured_media":0,"parent":0,"menu_order":0,"comment_status":"closed","ping_status":"closed","template":"","meta":{"_hu_post_content":"<strong>Az \u00d6n hozz\u00e1j\u00e1rul\u00e1sa<\/strong>\r\n\r\n<span style=\"color: #000000;\">A honlap b\u00f6ng\u00e9sz\u00e9s\u00e9vel elfogadja, hogy cookie-kat helyezz\u00fcnk el az \u00d6n sz\u00e1m\u00edt\u00f3g\u00e9p\u00e9n abb\u00f3l a c\u00e9lb\u00f3l, hogy elemezni tudjuk, hogyan haszn\u00e1lja honlapunkat.\u00a0Hogyha nem egyezik bele, hogy cookie-kat haszn\u00e1ljunk, amikor \u00d6n ezen az oldalon b\u00f6ng\u00e9szik, el\u0151fordulhat, hogy weboldalunk nem fog teljesk\u00f6r\u0171en m\u0171k\u00f6dni.<\/span>\r\n\r\n<strong>Mi az a cookie?<\/strong>\r\n\r\n<span style=\"color: #000000;\">A s\u00fctik (cookie) kis inform\u00e1ci\u00f3csomagk\u00e9nt m\u0171k\u00f6d\u0151 sz\u00f6veges f\u00e1jlok, amelyeket a szerver a sz\u00e1m\u00edt\u00f3g\u00e9p\u00e9nek, okostelefonj\u00e1nak vagy m\u00e1s eszk\u00f6z\u00e9nek k\u00fcld, amikor megl\u00e1togat egy weboldalt. Ezeket a k\u00e9sz\u00fcl\u00e9ke lementi, majd visszak\u00fcldi minden k\u00e9s\u0151bbi l\u00e1togat\u00e1skor az eredeti weboldalnak vagy egy m\u00e1sik weboldalnak, amely felismeri az adott cookie-t. A s\u00fctik hasznosak, mivel seg\u00edts\u00e9g\u00fckkel a weboldal k\u00e9pes felismerni a felhaszn\u00e1l\u00f3 k\u00e9sz\u00fcl\u00e9k\u00e9t.<\/span>\r\n\r\n<strong>Az \u00e1ltalunk haszn\u00e1lt cookie-k:<\/strong>\r\n\r\n<strong>Google analytics<\/strong>\r\n\r\n<span style=\"color: #000000;\">A Google Analytics r\u00e9v\u00e9n inform\u00e1ci\u00f3kat gy\u0171jt\u00fcnk arra vonatkoz\u00f3an, hogy a honlap l\u00e1togat\u00f3i mik\u00e9nt haszn\u00e1lj\u00e1k az oldalt.<\/span>\r\n\r\n<span style=\"color: #000000;\">A Google Analiytics adatokat gy\u0171jt arr\u00f3l, hogy \u00d6n milyen oldalakat keres fel, ott mennyi ideig tart\u00f3zkodik, hogyan jutott oda \u00e9s mire kattint r\u00e1. Mivel ennek keret\u00e9ben nem gy\u0171jtj\u00fck \u00e9s nem t\u00e1roljuk az \u00d6n nev\u00e9t vagy c\u00edm\u00e9t, ezek az adatok nem alkalmasak az \u00d6n azonos\u00edt\u00e1s\u00e1ra, tov\u00e1bb\u00e1 nem enged\u00e9lyezz\u00fck, hogy a Google ezeket saj\u00e1t c\u00e9ljaira haszn\u00e1lja vagy b\u00e1rkivel megossza.<\/span>\r\n<table border=\"1\" cellspacing=\"0\" cellpadding=\"0\">\r\n<tbody>\r\n<tr>\r\n<td>\r\n<p align=\"center\"><span style=\"color: #000000;\">N\u00e9v<\/span><\/p>\r\n<\/td>\r\n<td>\r\n<p align=\"center\"><span style=\"color: #000000;\">Le\u00edr\u00e1s<\/span><\/p>\r\n<\/td>\r\n<td>\r\n<p align=\"center\"><span style=\"color: #000000;\">Tartalmaz linket vagy szem\u00e9lyes adatot?<\/span><\/p>\r\n<\/td>\r\n<td>\r\n<p align=\"center\"><span style=\"color: #000000;\">Lej\u00e1rat(mikor ker\u00fcl t\u00f6rl\u00e9sre a k\u00e9sz\u00fcl\u00e9kr\u0151l)<\/span><\/p>\r\n<\/td>\r\n<\/tr>\r\n<tr>\r\n<td><span style=\"color: #000000;\">_utma<\/span><\/td>\r\n<td><span style=\"color: #000000;\">Statisztik\u00e1kat szolg\u00e1ltat arr\u00f3l, hogy haszn\u00e1lj\u00e1k weboldalunkat.<\/span><\/td>\r\n<td><span style=\"color: #000000;\">Nem<\/span><\/td>\r\n<td><span style=\"color: #000000;\">2 \u00e9v<\/span><\/td>\r\n<\/tr>\r\n<tr>\r\n<td><span style=\"color: #000000;\">_utmb<\/span><\/td>\r\n<td><span style=\"color: #000000;\">Statisztik\u00e1kat szolg\u00e1ltat arr\u00f3l, hogy haszn\u00e1lj\u00e1k weboldalunkat.<\/span><\/td>\r\n<td><span style=\"color: #000000;\">Nem<\/span><\/td>\r\n<td><span style=\"color: #000000;\">30 perc<\/span><\/td>\r\n<\/tr>\r\n<tr>\r\n<td><span style=\"color: #000000;\">_utmc<\/span><\/td>\r\n<td><span style=\"color: #000000;\">Statisztik\u00e1kat szolg\u00e1ltat arr\u00f3l, hogy haszn\u00e1lj\u00e1k weboldalunkat.<\/span><\/td>\r\n<td><span style=\"color: #000000;\">Nem<\/span><\/td>\r\n<td><span style=\"color: #000000;\">A b\u00f6ng\u00e9sz\u0151 bez\u00e1r\u00e1sakor<\/span><\/td>\r\n<\/tr>\r\n<tr>\r\n<td><span style=\"color: #000000;\">_utmt<\/span><\/td>\r\n<td><span style=\"color: #000000;\">Statisztik\u00e1kat szolg\u00e1ltat arr\u00f3l, hogy haszn\u00e1lj\u00e1k weboldalunkat.<\/span><\/td>\r\n<td><span style=\"color: #000000;\">Nem<\/span><\/td>\r\n<td><span style=\"color: #000000;\">10 perc<\/span><\/td>\r\n<\/tr>\r\n<tr>\r\n<td><span style=\"color: #000000;\">_utmz<\/span><\/td>\r\n<td><span style=\"color: #000000;\">Statisztik\u00e1kat szolg\u00e1ltat arr\u00f3l, hogy haszn\u00e1lj\u00e1k weboldalunkat.<\/span><\/td>\r\n<td><span style=\"color: #000000;\">Nem<\/span><\/td>\r\n<td><span style=\"color: #000000;\">6 h\u00f3nap<\/span><\/td>\r\n<\/tr>\r\n<tr>\r\n<td><span style=\"color: #000000;\">_ga<\/span><\/td>\r\n<td><span style=\"color: #000000;\">Statisztik\u00e1kat szolg\u00e1ltat arr\u00f3l, hogy haszn\u00e1lj\u00e1k weboldalunkat.<\/span><\/td>\r\n<td><span style=\"color: #000000;\">Nem<\/span><\/td>\r\n<td><span style=\"color: #000000;\">2 \u00e9v<\/span><\/td>\r\n<\/tr>\r\n<tr>\r\n<td><span style=\"color: #000000;\">_gat<\/span><\/td>\r\n<td><span style=\"color: #000000;\">Statisztik\u00e1kat szolg\u00e1ltat arr\u00f3l, hogy haszn\u00e1lj\u00e1k weboldalunkat.<\/span><\/td>\r\n<td><span style=\"color: #000000;\">Nem<\/span><\/td>\r\n<td><span style=\"color: #000000;\">10 perc<\/span><\/td>\r\n<\/tr>\r\n<\/tbody>\r\n<\/table>\r\n<span style=\"color: #000000;\">Tov\u00e1bbi inform\u00e1ci\u00f3kat az al\u00e1bbi c\u00edmen tal\u00e1l:<\/span> <a href=\"https:\/\/developers.google.com\/analytics\/devguides\/collection\/analyticsjs\/cookie-usage\">https:\/\/developers.google.com\/analytics\/devguides\/collection\/analyticsjs\/cookie-usage<\/a>\r\n\r\n<strong>Hogyan lehet visszavonni a hozz\u00e1j\u00e1rul\u00e1st?<\/strong>\r\n\r\n<span style=\"color: #000000;\">Ha hozz\u00e1j\u00e1rult a cookie-k haszn\u00e1lat\u00e1hoz, a b\u00f6ng\u00e9sz\u0151 cookie-kat t\u00e1rol az \u00d6n sz\u00e1m\u00edt\u00f3g\u00e9p\u00e9n vagy egy\u00e9b eszk\u00f6z\u00e9n, hogy rendszer\u00fcnk felismerje be\u00e1ll\u00edt\u00e1sait. A hozz\u00e1j\u00e1rul\u00e1s \u00e9rv\u00e9nyess\u00e9ge id\u0151nk\u00e9nt lej\u00e1r. Azonban, hogyha szeretn\u00e9 visszavonni hozz\u00e1j\u00e1rul\u00e1s\u00e1t, a b\u00f6ng\u00e9sz\u0151je cookie be\u00e1ll\u00edt\u00e1sai k\u00f6z\u00f6tt b\u00e1rmikor megteheti.<\/span>","_hu_post_name":"cookie-szabalyzat","_hu_post_excerpt":"","_hu_post_title":"cookie szab\u00e1lyzat","_en_post_content":"","_en_post_name":"cookie-szabalyzat","_en_post_excerpt":"","_en_post_title":"","edit_language":"hu"},"_links":{"self":[{"href":"https:\/\/natours.hu\/hu\/wp-json\/wp\/v2\/pages\/19"}],"collection":[{"href":"https:\/\/natours.hu\/hu\/wp-json\/wp\/v2\/pages"}],"about":[{"href":"https:\/\/natours.hu\/hu\/wp-json\/wp\/v2\/types\/page"}],"author":[{"embeddable":true,"href":"https:\/\/natours.hu\/hu\/wp-json\/wp\/v2\/users\/1"}],"replies":[{"embeddable":true,"href":"https:\/\/natours.hu\/hu\/wp-json\/wp\/v2\/comments?post=19"}],"version-history":[{"count":5,"href":"https:\/\/natours.hu\/hu\/wp-json\/wp\/v2\/pages\/19\/revisions"}],"predecessor-version":[{"id":5752,"href":"https:\/\/natours.hu\/hu\/wp-json\/wp\/v2\/pages\/19\/revisions\/5752"}],"wp:attachment":[{"href":"https:\/\/natours.hu\/hu\/wp-json\/wp\/v2\/media?parent=19"}],"curies":[{"name":"wp","href":"https:\/\/api.w.org\/{rel}","templated":true}]}}