{"id":2657,"date":"2018-07-14T18:09:13","date_gmt":"2018-07-14T18:09:13","guid":{"rendered":"http:\/\/natours.hu\/hu\/?page_id=2657"},"modified":"2018-07-18T18:50:17","modified_gmt":"2018-07-18T18:50:17","slug":"a_naturizmusrol","status":"publish","type":"page","link":"https:\/\/natours.hu\/hu\/naturizmus-hirek\/a_naturizmusrol\/","title":{"rendered":"A naturizmusr\u00f3l"},"content":{"rendered":"<\/div><\/div><\/div><!-- close content main div --><\/div><\/div><div id='av_section_1' class='avia-section main_color avia-section-default avia-no-shadow avia-bg-style-scroll  container_wrap fullsize' style = 'background-color: #f4f4f4; '  ><div class='container' ><div class='template-page content  av-content-full alpha units'><div class='post-entry post-entry-type-page post-entry-2657'><div class='entry-content-wrapper clearfix'>\n<div style='padding-bottom:10px;' class='av-special-heading av-special-heading-h1  blockquote modern-quote modern-centered '><h1 class='av-special-heading-tag'  itemprop=\"headline\"  >A naturizmusr\u00f3l<\/h1><div class='special-heading-border'><div class='special-heading-inner-border' ><\/div><\/div><\/div>\n\n<\/div><\/div><\/div><!-- close content main div --><\/div><\/div><div id='naturizmushirekracs' class='av-layout-grid-container entry-content-wrapper main_color av-flex-cells av-border-cells av-cell-min-height av-cell-min-height-100 container_wrap fullsize'   >\n<div class=\"flex_cell no_margin av_one_fifth   av-hide-on-mobile  \" style='vertical-align:top; padding:30px; '><div class='flex_cell_inner' ><\/div><\/div><div class=\"flex_cell no_margin av_one_fifth   av-zero-padding \" style='vertical-align:top; padding:0px; '><div class='flex_cell_inner' ><div class='flex_column_table av-equal-height-column-flextable' ><div class=\"flex_column av_one_full  no_margin flex_column_table_cell av-equal-height-column av-align-middle av-zero-column-padding first  \" style='border-radius:0px; '><div class='avia-data-table-wrap avia_responsive_table'><table class='avia-table avia-data-table avia-table-1  avia_pricing_minimal'  itemscope=\"itemscope\" itemtype=\"https:\/\/schema.org\/Table\" ><tbody><tr class='avia-heading-row'><th class='avia-center-col'><a class=\"natlink\" style=\"color: dark-blue; text-decoration: none;\" href=\"http:\/\/natours.hu\/hu\/naturizmus-hirek\/\">Etikett , H\u00e1zirend<\/a><\/th><\/tr><tr class='avia-heading-row'><th class='avia-center-col'><a class=\"natlink\" style=\"color: dark-blue; text-decoration: none;\" href=\"http:\/\/natours.hu\/hu\/naturizmushirek\/hirek-archivum\/\">H\u00edrek \/ arch\u00edvum<\/a><\/th><\/tr><tr class='avia-heading-row'><th class='avia-center-col'><a class=\"natlink\" style=\"color: dark-blue; text-decoration: none;\" href=\"http:\/\/natours.hu\/hu\/naturizmushirek\/a_naturizmusrol\/\">A naturizmusr\u00f3l<\/a><\/th><\/tr><tr class='avia-heading-row'><th class='avia-center-col'><a class=\"natlink\" style=\"color: dark-blue; text-decoration: none;\" href=\"http:\/\/natours.hu\/hu\/naturizmushirek\/szovetsegeink\/\">Sz\u00f6vets\u00e9geink<\/a><\/th><\/tr><tr class='avia-heading-row'><th class='avia-center-col'><a class=\"natlink\" style=\"color: dark-blue; text-decoration: none;\" href=\"http:\/\/natours.hu\/hu\/naturizmushirek\/tarsegyesuletek\/\">T\u00e1rsegyes\u00fcletek<\/a><\/th><\/tr><tr class='avia-heading-row'><th class='avia-center-col'><a class=\"natlink\" style=\"color: dark-blue; text-decoration: none;\" href=\"http:\/\/natours.hu\/hu\/naturizmushirek\/orszagos_programok\/\">Orsz\u00e1gos programok<\/a><\/th><\/tr><tr class='avia-heading-row'><th class='avia-center-col'><a class=\"natlink\" style=\"color: dark-blue; text-decoration: none;\" href=\"http:\/\/natours.hu\/hu\/naturizmushirek\/naturlista\/\">Naturlista<\/a><\/th><\/tr><tr class='avia-heading-row'><th class='avia-center-col'><a class=\"natlink\" style=\"color: dark-blue; text-decoration: none;\" href=\"http:\/\/natours.hu\/hu\/naturizmushirek\/szegedi_programok\/\">Szegedi programok<\/a><\/th><\/tr><tr class='avia-heading-row'><th class='avia-center-col'><a class=\"natlink\" style=\"color: dark-blue; text-decoration: none;\" href=\"http:\/\/natours.hu\/hu\/naturizmushirek\/hasznos_honlapok\/\">Hasznos honlapok<\/a><\/th><\/tr><\/tbody><\/table><\/div><style type='text\/css'>.avia-table-1 td:nth-of-type(1):before { content: '<a class=\"natlink\" style=\"color: dark-blue; text-decoration: none;\" href=\"http:\/\/natours.hu\/hu\/naturizmus-hirek\/\">Etikett , H\u00e1zirend<\/a>'; } <\/style><\/div><\/div><!--close column table wrapper. Autoclose: 1 -->\n<\/div><\/div><div class=\"flex_cell no_margin av_three_fifth   av-zero-padding \" style='vertical-align:top; padding:0px; '><div class='flex_cell_inner' ><p><div class=\"flex_column av_one_full  no_margin flex_column_div first  \" style='padding:40px; border-radius:0px; '><section class=\"av_textblock_section\"  itemscope=\"itemscope\" itemtype=\"https:\/\/schema.org\/CreativeWork\" ><div class='avia_textblock '   itemprop=\"text\" ><h2 id=\"firstHeading\" class=\"firstHeading\" lang=\"hu\">Naturizmus<\/h2>\n<p style=\"text-align: justify;\">A\u00a0<b>naturizmus<\/b>\u00a0vagy\u00a0<b>nudizmus<\/b>\u00a0jellemz\u0151en azt jelenti, hogy emberek\u00a0<a title=\"Meztelens\u00e9g\" href=\"https:\/\/hu.wikipedia.org\/wiki\/Meztelens%C3%A9g\">meztelen\u00fcl<\/a>\u00a0vannak egy\u00fctt (\u00e1ltal\u00e1ban vegyes nembeli) csoportokban, olyan tev\u00e9kenys\u00e9g v\u00e9gz\u00e9se k\u00f6zben is, amelyn\u00e9l a meztelens\u00e9get a nem naturist\u00e1k (a \u201etextilesek\u201d) illetve nem nudist\u00e1k nem tartj\u00e1k felt\u00e9tlen\u00fcl sz\u00fcks\u00e9gesnek. Ez n\u00e9ha nem teljesen nyilv\u00e1nos helyeken fordul el\u0151, k\u00fcl\u00f6n\u00f6sen az olyan orsz\u00e1gokban, ahol a nyilv\u00e1nos meztelen megjelen\u00e9s t\u00f6rv\u00e9nybe \u00fctk\u00f6zik; a vil\u00e1g m\u00e1s r\u00e9szein viszont sz\u00e9les k\u00f6rben elfogadj\u00e1k. Azokat az embereket, akik a naturizmust vagy nudizmust gyakorolj\u00e1k,\u00a0<i>naturist\u00e1k<\/i>nak vagy\u00a0<i>nudist\u00e1k<\/i>nak nevezik. N\u00e9melyek \u00fagy hiszik, hogy m\u00e1s emberekkel meztelen\u00fcl egy\u00fctt lenni sz\u00fcks\u00e9gk\u00e9ppen mindig szexu\u00e1lis t\u00f6ltet\u0171, \u00e9s hogy a nudizmus erk\u00f6lcsileg rossz vagy\u00a0<a title=\"Pornogr\u00e1fia\" href=\"https:\/\/hu.wikipedia.org\/wiki\/Pornogr%C3%A1fia\">pornogr\u00e1f<\/a>. A naturist\u00e1k sz\u00e9les k\u00f6rben elutas\u00edtj\u00e1k ezt a n\u00e9zetet.<\/p>\n<p style=\"text-align: justify;\">Tipikus naturista tev\u00e9kenys\u00e9gek a napoz\u00e1s \u00e9s a\u00a0<a title=\"Sport\" href=\"https:\/\/hu.wikipedia.org\/wiki\/Sport\">sport<\/a>, de sz\u00e1mos naturista munka \u00e9s hasonl\u00f3k k\u00f6zben is jobban szeret meztelen\u00fcl lenni, amikor csak a h\u0151m\u00e9rs\u00e9klet \u00e9s a t\u00e1rsas helyzet lehet\u0151v\u00e9 teszi (ide\u00e9rtve azt is, ha egyed\u00fcl van).<\/p>\n<\/div><\/section><\/div><div class=\"flex_column av_one_full  no_margin flex_column_div first  \" style='padding:40px; border-radius:0px; '><section class=\"av_textblock_section\"  itemscope=\"itemscope\" itemtype=\"https:\/\/schema.org\/CreativeWork\" ><div class='avia_textblock '   itemprop=\"text\" ><h2><span id=\"\u00c1ltal\u00e1nos_tudnival\u00f3k\" class=\"mw-headline\">\u00c1ltal\u00e1nos tudnival\u00f3k<\/span><\/h2>\n<p style=\"text-align: justify;\">A naturist\u00e1k szerint az emberi testen semmi sz\u00e9gyellni val\u00f3 nincsen, hiszen mindny\u00e1jan ezzel \u00e9l\u00fcnk, \u00e9s \u00f6r\u00f6mmel el k\u00e9ne fogadnunk a test\u00fcnket.<\/p>\n<p style=\"text-align: justify;\">Sokan k\u00fcl\u00f6nbs\u00e9get tesznek a\u00a0<i>naturizmus<\/i>\u00a0\u00e9s\u00a0<i>nudizmus<\/i>\u00a0k\u00f6z\u00f6tt. E n\u00e9zet szerint\u00a0<i>nudista<\/i>\u00a0az, aki id\u0151nk\u00e9nt a ruh\u00e1tlans\u00e1got v\u00e1lasztja;\u00a0<i>naturista<\/i>\u00a0pedig, akinek filoz\u00f3fi\u00e1ja az alkalmi meztelens\u00e9gn\u00e9l t\u00f6bbet foglal mag\u00e1ba: gyakran\u00a0k\u00f6rnyezettudatoss\u00e1got, olykor\u00a0vegetarianizmust, vagy egyszer\u0171en a term\u00e9szettel val\u00f3 szorosabb viszonyt. (Ennek jele lehet a strand \u00e9s a vizek tiszt\u00e1n tart\u00e1sa, a hullad\u00e9k begy\u0171jt\u00e9se magunk ut\u00e1n, a hangoskod\u00e1s ker\u00fcl\u00e9se stb.) A naturista strandon tett l\u00e1togat\u00e1s felhatalmazhat valakit arra, hogy nudist\u00e1nak nevezze mag\u00e1t, de m\u00e9g nem tesz senkit naturist\u00e1v\u00e1. Az \u00e1t\u00f6lt\u00f6z\u00e9s \u00e9s a zuhanyoz\u00e1s egyikre sem ad alapot. A h\u00e1zi munka meztelen v\u00e9gz\u00e9se m\u00e1r annak min\u0151s\u00fclhet: sz\u00e1mos naturista tesz \u00edgy otthon\u00e1ban. Elterjedt nudista gondolat, miszerint \u201ea ruha alatt mindig meztelenek vagyunk\u201d. A\u00a0<i>nudista<\/i>\u00a0vagy\u00a0<i>naturista<\/i>\u00a0elnevez\u00e9s val\u00f3j\u00e1ban a gyakorl\u00f3ja szellemi hozz\u00e1\u00e1ll\u00e1s\u00e1ra utal, nem pedig valamely m\u00e1sok \u00e1ltal fel\u00e1ll\u00edtott, szigor\u00faan behat\u00e1rolt oszt\u00e1lyoz\u00e1sra. M\u00e1sok szerint a naturizmus kifejez\u00e9s puszt\u00e1n sznobizmus, \u00e9s nincs is val\u00f3di k\u00fcl\u00f6nbs\u00e9g. A naturista \u00e9s az ilyen jelleg\u0171 szervezetek a nyilv\u00e1noss\u00e1g el\u0151tti szexmentess\u00e9get\u00a0\u00edrj\u00e1k el\u0151 \u00e9s v\u00e1rj\u00e1k el, \u00e9s a legt\u00f6bb helyen igen ritka a ny\u00edltan szexu\u00e1lis viselked\u00e9s. Ezek a sztereotipikusan\u00a0csal\u00e1d-orient\u00e1lt klubok \u00e9s strandok. Vannak olyan alternat\u00edv csoportok (p\u00e9ld\u00e1ul a\u00a0Swingstock), ahol szint\u00e9n nem viselnek ruh\u00e1t az emberek, de ezek ink\u00e1bb szexklubok, mint val\u00f3di naturistaklubok.<\/p>\n<p style=\"text-align: justify;\">A naturistaklubokban van n\u00e9h\u00e1ny szab\u00e1ly ami az etikett r\u00e9sze, be nem tart\u00e1suk illetlens\u00e9gnek sz\u00e1m\u00edt. Ilyen \u2013 nyilv\u00e1nval\u00f3\u00a0higi\u00e9niai\u00a0okokb\u00f3l \u2013 bevezetett szab\u00e1ly, hogy a naturist\u00e1k meztelen fen\u00e9kkel nem \u00fclnek le, a sz\u00e9ket, padot el\u0151tte mindig leter\u00edtik egy t\u00f6r\u00fclk\u00f6z\u0151vel. Ennek megfelel\u0151en m\u00e1s t\u00f6r\u00fclk\u00f6z\u0151j\u00e9re \u00fclni is illetlens\u00e9g. A naturistaklubokban sokszor tilos f\u00e9nyk\u00e9pezni vagy csak \u00fagy szabad, ha a k\u00e9pen\u00a0egy\u00e9rtelm\u0171en nincs idegen. \u00c1ltal\u00e1ban nem n\u00e9zik t\u00fal j\u00f3 szemmel, ha egy f\u00e9rfinak spont\u00e1n\u00a0erekci\u00f3ja\u00a0van, b\u00e1r err\u0151l a naturista internetes f\u00f3rumokon sok vita folyik. Ilyenkor a f\u00e9rfinak illik (ha fek\u00fcdt) hasra fordulni, t\u00f6r\u00fclk\u00f6z\u0151vel eltakarni, \u00faszni vagy zuhanyozni menni. Vannak akik a spont\u00e1n erekci\u00f3t\u00f3l val\u00f3 f\u00e9lelem miatt nem mernek naturista strandra menni, de tapasztalat szerint a naturistastrandokon nagyon ritka, hogy a f\u00e9rfiaknak ilyen probl\u00e9m\u00e1ik legyenek,\u00a0pszichol\u00f3giailag bizony\u00edtott, hogy az erekci\u00f3t\u00f3l val\u00f3 f\u00e9lelem megg\u00e1tolhatja azt.<\/p>\n<p style=\"text-align: justify;\">Ha az id\u0151j\u00e1r\u00e1s megk\u00f6veteli term\u00e9szetesen a naturist\u00e1k is fel\u00f6lt\u00f6znek. A naturist\u00e1k \u00e1ltal\u00e1ban\u00a0elfogad\u00f3\u00a0emberek; az alapgondolat mind\u00f6ssze annyi, hogy meztelen\u00fcl v\u00e9gzik azokat a dolgokat, amelyeket m\u00e1sok \u00e1ltal\u00e1ban ruh\u00e1ban tenn\u00e9nek. A hangs\u00faly a m\u00f3don van.<\/p>\n<\/div><\/section><\/div><\/p>\n<\/div><\/div><\/div>\n","protected":false},"excerpt":{"rendered":"","protected":false},"author":1,"featured_media":0,"parent":2524,"menu_order":0,"comment_status":"closed","ping_status":"closed","template":"","meta":{"_hu_post_content":"[av_section min_height='' min_height_px='500px' padding='default' shadow='no-shadow' bottom_border='no-border-styling' bottom_border_diagonal_color='#333333' bottom_border_diagonal_direction='' bottom_border_style='' id='' color='main_color' custom_bg='#f4f4f4' src='' attachment='' attachment_size='' attach='scroll' position='top left' repeat='no-repeat' video='' video_ratio='16:9' overlay_opacity='0.5' overlay_color='' overlay_pattern='' overlay_custom_pattern='' av_element_hidden_in_editor='0']\r\n[av_heading heading='A naturizmusr\u00f3l' tag='h1' style='blockquote modern-quote modern-centered' size='' subheading_active='' subheading_size='15' padding='10' color='' custom_font='' admin_preview_bg=''][\/av_heading]\r\n[\/av_section]\r\n\r\n[av_layout_row border='av-border-cells' min_height_percent='100' min_height='0' color='main_color' mobile='av-flex-cells' id='naturizmushirekracs' av_element_hidden_in_editor='0']\r\n\r\n[av_cell_one_fifth vertical_align='top' padding='30px' padding_sync='true' background_color='' src='' attachment='' attachment_size='' background_attachment='scroll' background_position='top left' background_repeat='no-repeat' mobile_display='av-hide-on-mobile']\r\n\r\n[\/av_cell_one_fifth][av_cell_one_fifth vertical_align='top' padding='0px' padding_sync='true' background_color='' src='' attachment='' attachment_size='' background_attachment='scroll' background_position='top left' background_repeat='no-repeat' mobile_display='']\r\n\r\n[av_one_full first min_height='av-equal-height-column' vertical_alignment='av-align-middle' space='no_margin' margin='0px' margin_sync='true' padding='0px' padding_sync='true' border='' border_color='' radius='0px' radius_sync='true' background_color='' src='' attachment='' attachment_size='' background_position='top left' background_repeat='no-repeat' animation='' mobile_display='']\r\n\r\n[av_table purpose='tabular' pricing_table_design='avia_pricing_minimal' pricing_hidden_cells='' caption='' responsive_styling='avia_responsive_table']\r\n[av_row row_style='avia-heading-row'][av_cell col_style='avia-center-col']<a class=\"natlink\" style=\"color: dark-blue; text-decoration: none;\" href=\"http:\/\/natours.hu\/hu\/naturizmus-hirek\/\">Etikett , H\u00e1zirend<\/a>[\/av_cell][\/av_row]\r\n[av_row row_style='avia-heading-row'][av_cell col_style='avia-center-col']<a class=\"natlink\" style=\"color: dark-blue; text-decoration: none;\" href=\"http:\/\/natours.hu\/hu\/naturizmushirek\/hirek-archivum\/\">H\u00edrek \/ arch\u00edvum<\/a>[\/av_cell][\/av_row]\r\n[av_row row_style='avia-heading-row'][av_cell col_style='avia-center-col']<a class=\"natlink\" style=\"color: dark-blue; text-decoration: none;\" href=\"http:\/\/natours.hu\/hu\/naturizmushirek\/a_naturizmusrol\/\">A naturizmusr\u00f3l<\/a>[\/av_cell][\/av_row]\r\n[av_row row_style='avia-heading-row'][av_cell col_style='avia-center-col']<a class=\"natlink\" style=\"color: dark-blue; text-decoration: none;\" href=\"http:\/\/natours.hu\/hu\/naturizmushirek\/szovetsegeink\/\">Sz\u00f6vets\u00e9geink<\/a>[\/av_cell][\/av_row]\r\n[av_row row_style='avia-heading-row'][av_cell col_style='avia-center-col']<a class=\"natlink\" style=\"color: dark-blue; text-decoration: none;\" href=\"http:\/\/natours.hu\/hu\/naturizmushirek\/tarsegyesuletek\/\">T\u00e1rsegyes\u00fcletek<\/a>[\/av_cell][\/av_row]\r\n[av_row row_style='avia-heading-row'][av_cell col_style='avia-center-col']<a class=\"natlink\" style=\"color: dark-blue; text-decoration: none;\" href=\"http:\/\/natours.hu\/hu\/naturizmushirek\/orszagos_programok\/\">Orsz\u00e1gos programok<\/a>[\/av_cell][\/av_row]\r\n[av_row row_style='avia-heading-row'][av_cell col_style='avia-center-col']<a class=\"natlink\" style=\"color: dark-blue; text-decoration: none;\" href=\"http:\/\/natours.hu\/hu\/naturizmushirek\/naturlista\/\">Naturlista<\/a>[\/av_cell][\/av_row]\r\n[av_row row_style='avia-heading-row'][av_cell col_style='avia-center-col']<a class=\"natlink\" style=\"color: dark-blue; text-decoration: none;\" href=\"http:\/\/natours.hu\/hu\/naturizmushirek\/szegedi_programok\/\">Szegedi programok<\/a>[\/av_cell][\/av_row]\r\n[av_row row_style='avia-heading-row'][av_cell col_style='avia-center-col']<a class=\"natlink\" style=\"color: dark-blue; text-decoration: none;\" href=\"http:\/\/natours.hu\/hu\/naturizmushirek\/hasznos_honlapok\/\">Hasznos honlapok<\/a>[\/av_cell][\/av_row]\r\n[\/av_table]\r\n\r\n[\/av_one_full][\/av_cell_one_fifth][av_cell_three_fifth vertical_align='top' padding='0px' padding_sync='true' background_color='' src='' attachment='' attachment_size='' background_attachment='scroll' background_position='top left' background_repeat='no-repeat' mobile_display='']\r\n\r\n[av_one_full first min_height='' vertical_alignment='av-align-top' space='no_margin' margin='0px' margin_sync='true' padding='40px' padding_sync='true' border='' border_color='' radius='0px' radius_sync='true' background_color='' src='' attachment='' attachment_size='' background_position='top left' background_repeat='no-repeat' animation='' mobile_display='']\r\n\r\n[av_textblock size='' font_color='' color='' admin_preview_bg='']\r\n<h2 id=\"firstHeading\" class=\"firstHeading\" lang=\"hu\">Naturizmus<\/h2>\r\n<p style=\"text-align: justify;\">A\u00a0<b>naturizmus<\/b>\u00a0vagy\u00a0<b>nudizmus<\/b>\u00a0jellemz\u0151en azt jelenti, hogy emberek\u00a0<a title=\"Meztelens\u00e9g\" href=\"https:\/\/hu.wikipedia.org\/wiki\/Meztelens%C3%A9g\">meztelen\u00fcl<\/a>\u00a0vannak egy\u00fctt (\u00e1ltal\u00e1ban vegyes nembeli) csoportokban, olyan tev\u00e9kenys\u00e9g v\u00e9gz\u00e9se k\u00f6zben is, amelyn\u00e9l a meztelens\u00e9get a nem naturist\u00e1k (a \u201etextilesek\u201d) illetve nem nudist\u00e1k nem tartj\u00e1k felt\u00e9tlen\u00fcl sz\u00fcks\u00e9gesnek. Ez n\u00e9ha nem teljesen nyilv\u00e1nos helyeken fordul el\u0151, k\u00fcl\u00f6n\u00f6sen az olyan orsz\u00e1gokban, ahol a nyilv\u00e1nos meztelen megjelen\u00e9s t\u00f6rv\u00e9nybe \u00fctk\u00f6zik; a vil\u00e1g m\u00e1s r\u00e9szein viszont sz\u00e9les k\u00f6rben elfogadj\u00e1k. Azokat az embereket, akik a naturizmust vagy nudizmust gyakorolj\u00e1k,\u00a0<i>naturist\u00e1k<\/i>nak vagy\u00a0<i>nudist\u00e1k<\/i>nak nevezik. N\u00e9melyek \u00fagy hiszik, hogy m\u00e1s emberekkel meztelen\u00fcl egy\u00fctt lenni sz\u00fcks\u00e9gk\u00e9ppen mindig szexu\u00e1lis t\u00f6ltet\u0171, \u00e9s hogy a nudizmus erk\u00f6lcsileg rossz vagy\u00a0<a title=\"Pornogr\u00e1fia\" href=\"https:\/\/hu.wikipedia.org\/wiki\/Pornogr%C3%A1fia\">pornogr\u00e1f<\/a>. A naturist\u00e1k sz\u00e9les k\u00f6rben elutas\u00edtj\u00e1k ezt a n\u00e9zetet.<\/p>\r\n<p style=\"text-align: justify;\">Tipikus naturista tev\u00e9kenys\u00e9gek a napoz\u00e1s \u00e9s a\u00a0<a title=\"Sport\" href=\"https:\/\/hu.wikipedia.org\/wiki\/Sport\">sport<\/a>, de sz\u00e1mos naturista munka \u00e9s hasonl\u00f3k k\u00f6zben is jobban szeret meztelen\u00fcl lenni, amikor csak a h\u0151m\u00e9rs\u00e9klet \u00e9s a t\u00e1rsas helyzet lehet\u0151v\u00e9 teszi (ide\u00e9rtve azt is, ha egyed\u00fcl van).<\/p>\r\n[\/av_textblock]\r\n\r\n[\/av_one_full][av_one_full first min_height='' vertical_alignment='av-align-top' space='no_margin' margin='0px' margin_sync='true' padding='40px' padding_sync='true' border='' border_color='' radius='0px' radius_sync='true' background_color='' src='' attachment='' attachment_size='' background_position='top left' background_repeat='no-repeat' animation='' mobile_display='']\r\n\r\n[av_textblock size='' font_color='' color='' admin_preview_bg='']\r\n<h2><span id=\"\u00c1ltal\u00e1nos_tudnival\u00f3k\" class=\"mw-headline\">\u00c1ltal\u00e1nos tudnival\u00f3k<\/span><\/h2>\r\n<p style=\"text-align: justify;\">A naturist\u00e1k szerint az emberi testen semmi sz\u00e9gyellni val\u00f3 nincsen, hiszen mindny\u00e1jan ezzel \u00e9l\u00fcnk, \u00e9s \u00f6r\u00f6mmel el k\u00e9ne fogadnunk a test\u00fcnket.<\/p>\r\n<p style=\"text-align: justify;\">Sokan k\u00fcl\u00f6nbs\u00e9get tesznek a\u00a0<i>naturizmus<\/i>\u00a0\u00e9s\u00a0<i>nudizmus<\/i>\u00a0k\u00f6z\u00f6tt. E n\u00e9zet szerint\u00a0<i>nudista<\/i>\u00a0az, aki id\u0151nk\u00e9nt a ruh\u00e1tlans\u00e1got v\u00e1lasztja;\u00a0<i>naturista<\/i>\u00a0pedig, akinek filoz\u00f3fi\u00e1ja az alkalmi meztelens\u00e9gn\u00e9l t\u00f6bbet foglal mag\u00e1ba: gyakran\u00a0k\u00f6rnyezettudatoss\u00e1got, olykor\u00a0vegetarianizmust, vagy egyszer\u0171en a term\u00e9szettel val\u00f3 szorosabb viszonyt. (Ennek jele lehet a strand \u00e9s a vizek tiszt\u00e1n tart\u00e1sa, a hullad\u00e9k begy\u0171jt\u00e9se magunk ut\u00e1n, a hangoskod\u00e1s ker\u00fcl\u00e9se stb.) A naturista strandon tett l\u00e1togat\u00e1s felhatalmazhat valakit arra, hogy nudist\u00e1nak nevezze mag\u00e1t, de m\u00e9g nem tesz senkit naturist\u00e1v\u00e1. Az \u00e1t\u00f6lt\u00f6z\u00e9s \u00e9s a zuhanyoz\u00e1s egyikre sem ad alapot. A h\u00e1zi munka meztelen v\u00e9gz\u00e9se m\u00e1r annak min\u0151s\u00fclhet: sz\u00e1mos naturista tesz \u00edgy otthon\u00e1ban. Elterjedt nudista gondolat, miszerint \u201ea ruha alatt mindig meztelenek vagyunk\u201d. A\u00a0<i>nudista<\/i>\u00a0vagy\u00a0<i>naturista<\/i>\u00a0elnevez\u00e9s val\u00f3j\u00e1ban a gyakorl\u00f3ja szellemi hozz\u00e1\u00e1ll\u00e1s\u00e1ra utal, nem pedig valamely m\u00e1sok \u00e1ltal fel\u00e1ll\u00edtott, szigor\u00faan behat\u00e1rolt oszt\u00e1lyoz\u00e1sra. M\u00e1sok szerint a naturizmus kifejez\u00e9s puszt\u00e1n sznobizmus, \u00e9s nincs is val\u00f3di k\u00fcl\u00f6nbs\u00e9g. A naturista \u00e9s az ilyen jelleg\u0171 szervezetek a nyilv\u00e1noss\u00e1g el\u0151tti szexmentess\u00e9get\u00a0\u00edrj\u00e1k el\u0151 \u00e9s v\u00e1rj\u00e1k el, \u00e9s a legt\u00f6bb helyen igen ritka a ny\u00edltan szexu\u00e1lis viselked\u00e9s. Ezek a sztereotipikusan\u00a0csal\u00e1d-orient\u00e1lt klubok \u00e9s strandok. Vannak olyan alternat\u00edv csoportok (p\u00e9ld\u00e1ul a\u00a0Swingstock), ahol szint\u00e9n nem viselnek ruh\u00e1t az emberek, de ezek ink\u00e1bb szexklubok, mint val\u00f3di naturistaklubok.<\/p>\r\n<p style=\"text-align: justify;\">A naturistaklubokban van n\u00e9h\u00e1ny szab\u00e1ly ami az etikett r\u00e9sze, be nem tart\u00e1suk illetlens\u00e9gnek sz\u00e1m\u00edt. Ilyen \u2013 nyilv\u00e1nval\u00f3\u00a0higi\u00e9niai\u00a0okokb\u00f3l \u2013 bevezetett szab\u00e1ly, hogy a naturist\u00e1k meztelen fen\u00e9kkel nem \u00fclnek le, a sz\u00e9ket, padot el\u0151tte mindig leter\u00edtik egy t\u00f6r\u00fclk\u00f6z\u0151vel. Ennek megfelel\u0151en m\u00e1s t\u00f6r\u00fclk\u00f6z\u0151j\u00e9re \u00fclni is illetlens\u00e9g. A naturistaklubokban sokszor tilos f\u00e9nyk\u00e9pezni vagy csak \u00fagy szabad, ha a k\u00e9pen\u00a0egy\u00e9rtelm\u0171en nincs idegen. \u00c1ltal\u00e1ban nem n\u00e9zik t\u00fal j\u00f3 szemmel, ha egy f\u00e9rfinak spont\u00e1n\u00a0erekci\u00f3ja\u00a0van, b\u00e1r err\u0151l a naturista internetes f\u00f3rumokon sok vita folyik. Ilyenkor a f\u00e9rfinak illik (ha fek\u00fcdt) hasra fordulni, t\u00f6r\u00fclk\u00f6z\u0151vel eltakarni, \u00faszni vagy zuhanyozni menni. Vannak akik a spont\u00e1n erekci\u00f3t\u00f3l val\u00f3 f\u00e9lelem miatt nem mernek naturista strandra menni, de tapasztalat szerint a naturistastrandokon nagyon ritka, hogy a f\u00e9rfiaknak ilyen probl\u00e9m\u00e1ik legyenek,\u00a0pszichol\u00f3giailag bizony\u00edtott, hogy az erekci\u00f3t\u00f3l val\u00f3 f\u00e9lelem megg\u00e1tolhatja azt.<\/p>\r\n<p style=\"text-align: justify;\">Ha az id\u0151j\u00e1r\u00e1s megk\u00f6veteli term\u00e9szetesen a naturist\u00e1k is fel\u00f6lt\u00f6znek. A naturist\u00e1k \u00e1ltal\u00e1ban\u00a0elfogad\u00f3\u00a0emberek; az alapgondolat mind\u00f6ssze annyi, hogy meztelen\u00fcl v\u00e9gzik azokat a dolgokat, amelyeket m\u00e1sok \u00e1ltal\u00e1ban ruh\u00e1ban tenn\u00e9nek. A hangs\u00faly a m\u00f3don van.<\/p>\r\n[\/av_textblock]\r\n\r\n[\/av_one_full][\/av_cell_three_fifth][\/av_layout_row]","_hu_post_name":"a_naturizmusrol","_hu_post_excerpt":"","_hu_post_title":"A naturizmusr\u00f3l","_en_post_content":"","_en_post_name":"","_en_post_excerpt":"","_en_post_title":"","edit_language":"hu"},"_links":{"self":[{"href":"https:\/\/natours.hu\/hu\/wp-json\/wp\/v2\/pages\/2657"}],"collection":[{"href":"https:\/\/natours.hu\/hu\/wp-json\/wp\/v2\/pages"}],"about":[{"href":"https:\/\/natours.hu\/hu\/wp-json\/wp\/v2\/types\/page"}],"author":[{"embeddable":true,"href":"https:\/\/natours.hu\/hu\/wp-json\/wp\/v2\/users\/1"}],"replies":[{"embeddable":true,"href":"https:\/\/natours.hu\/hu\/wp-json\/wp\/v2\/comments?post=2657"}],"version-history":[{"count":6,"href":"https:\/\/natours.hu\/hu\/wp-json\/wp\/v2\/pages\/2657\/revisions"}],"predecessor-version":[{"id":2775,"href":"https:\/\/natours.hu\/hu\/wp-json\/wp\/v2\/pages\/2657\/revisions\/2775"}],"up":[{"embeddable":true,"href":"https:\/\/natours.hu\/hu\/wp-json\/wp\/v2\/pages\/2524"}],"wp:attachment":[{"href":"https:\/\/natours.hu\/hu\/wp-json\/wp\/v2\/media?parent=2657"}],"curies":[{"name":"wp","href":"https:\/\/api.w.org\/{rel}","templated":true}]}}