{"id":2669,"date":"2018-07-14T18:13:17","date_gmt":"2018-07-14T18:13:17","guid":{"rendered":"http:\/\/natours.hu\/hu\/?page_id=2669"},"modified":"2018-07-18T18:17:38","modified_gmt":"2018-07-18T18:17:38","slug":"orszagos_programok","status":"publish","type":"page","link":"https:\/\/natours.hu\/hu\/naturizmus-hirek\/orszagos_programok\/","title":{"rendered":"Orsz\u00e1gos programok"},"content":{"rendered":"<\/div><\/div><\/div><!-- close content main div --><\/div><\/div><div id='av_section_1' class='avia-section main_color avia-section-default avia-no-shadow avia-bg-style-scroll  container_wrap fullsize' style = 'background-color: #f4f4f4; '  ><div class='container' ><div class='template-page content  av-content-full alpha units'><div class='post-entry post-entry-type-page post-entry-2669'><div class='entry-content-wrapper clearfix'>\n<div style='padding-bottom:10px;' class='av-special-heading av-special-heading-h1  blockquote modern-quote modern-centered '><h1 class='av-special-heading-tag'  itemprop=\"headline\"  >Orsz\u00e1gos programok<\/h1><div class='special-heading-border'><div class='special-heading-inner-border' ><\/div><\/div><\/div>\n\n<\/div><\/div><\/div><!-- close content main div --><\/div><\/div><div id='naturizmushirekracs' class='av-layout-grid-container entry-content-wrapper main_color av-flex-cells av-border-cells av-cell-min-height av-cell-min-height-100 container_wrap fullsize'   >\n<div class=\"flex_cell no_margin av_one_fifth   av-hide-on-mobile  \" style='vertical-align:top; padding:30px; '><div class='flex_cell_inner' ><\/div><\/div><div class=\"flex_cell no_margin av_one_fifth   av-zero-padding \" style='vertical-align:top; padding:0px; '><div class='flex_cell_inner' ><div class='flex_column_table av-equal-height-column-flextable' ><div class=\"flex_column av_one_full  no_margin flex_column_table_cell av-equal-height-column av-align-middle av-zero-column-padding first  \" style='border-radius:0px; '><div class='avia-data-table-wrap avia_responsive_table'><table class='avia-table avia-data-table avia-table-1  avia_pricing_minimal'  itemscope=\"itemscope\" itemtype=\"https:\/\/schema.org\/Table\" ><tbody><tr class='avia-heading-row'><th class='avia-center-col'><a class=\"natlink\" style=\"color: dark-blue; text-decoration: none;\" href=\"http:\/\/natours.hu\/hu\/naturizmus-hirek\/\">Etikett , H\u00e1zirend<\/a><\/th><\/tr><tr class='avia-heading-row'><th class='avia-center-col'><a class=\"natlink\" style=\"color: dark-blue; text-decoration: none;\" href=\"http:\/\/natours.hu\/hu\/naturizmushirek\/hirek-archivum\/\">H\u00edrek \/ arch\u00edvum<\/a><\/th><\/tr><tr class='avia-heading-row'><th class='avia-center-col'><a class=\"natlink\" style=\"color: dark-blue; text-decoration: none;\" href=\"http:\/\/natours.hu\/hu\/naturizmushirek\/a_naturizmusrol\/\">A naturizmusr\u00f3l<\/a><\/th><\/tr><tr class='avia-heading-row'><th class='avia-center-col'><a class=\"natlink\" style=\"color: dark-blue; text-decoration: none;\" href=\"http:\/\/natours.hu\/hu\/naturizmushirek\/szovetsegeink\/\">Sz\u00f6vets\u00e9geink<\/a><\/th><\/tr><tr class='avia-heading-row'><th class='avia-center-col'><a class=\"natlink\" style=\"color: dark-blue; text-decoration: none;\" href=\"http:\/\/natours.hu\/hu\/naturizmushirek\/tarsegyesuletek\/\">T\u00e1rsegyes\u00fcletek<\/a><\/th><\/tr><tr class='avia-heading-row'><th class='avia-center-col'><a class=\"natlink\" style=\"color: dark-blue; text-decoration: none;\" href=\"http:\/\/natours.hu\/hu\/naturizmushirek\/orszagos_programok\/\">Orsz\u00e1gos programok<\/a><\/th><\/tr><tr class='avia-heading-row'><th class='avia-center-col'><a class=\"natlink\" style=\"color: dark-blue; text-decoration: none;\" href=\"http:\/\/natours.hu\/hu\/naturizmushirek\/naturlista\/\">Naturlista<\/a><\/th><\/tr><tr class='avia-heading-row'><th class='avia-center-col'><a class=\"natlink\" style=\"color: dark-blue; text-decoration: none;\" href=\"http:\/\/natours.hu\/hu\/naturizmushirek\/szegedi_programok\/\">Szegedi programok<\/a><\/th><\/tr><tr class='avia-heading-row'><th class='avia-center-col'><a class=\"natlink\" style=\"color: dark-blue; text-decoration: none;\" href=\"http:\/\/natours.hu\/hu\/naturizmushirek\/hasznos_honlapok\/\">Hasznos honlapok<\/a><\/th><\/tr><\/tbody><\/table><\/div><style type='text\/css'>.avia-table-1 td:nth-of-type(1):before { content: '<a class=\"natlink\" style=\"color: dark-blue; text-decoration: none;\" href=\"http:\/\/natours.hu\/hu\/naturizmus-hirek\/\">Etikett , H\u00e1zirend<\/a>'; } <\/style><\/div><\/div><!--close column table wrapper. Autoclose: 1 -->\n<\/div><\/div><div class=\"flex_cell no_margin av_three_fifth   av-zero-padding \" style='vertical-align:top; padding:0px; '><div class='flex_cell_inner' ><div class=\"flex_column av_one_full  no_margin flex_column_div first  \" style='padding:40px; border-radius:0px; '><section class=\"av_textblock_section\"  itemscope=\"itemscope\" itemtype=\"https:\/\/schema.org\/CreativeWork\" ><div class='avia_textblock '   itemprop=\"text\" ><h4>\u00d6sszeszedt\u00fck az idei \u00e9vi naturista programokat le ne maradj valamelyik sz\u00e1modra szimpatikus esem\u00e9nyr\u0151l:<\/h4>\n<p>janu\u00e1r 6. P\u00f3tszilveszter a Haj\u00f3s Alfr\u00e9d Tanuszod\u00e1ban (NaVKE)<\/p>\n<p>janu\u00e1r 13. P\u00f3tszilveszter (SZIKI)<\/p>\n<p>febru\u00e1r 3. Naturista uszodai farsang, szauna (NaVKE)<\/p>\n<p>febru\u00e1r 9-11. Diszn\u00f3v\u00e1g\u00e1s SZIKI-n (mag\u00e1nrendez\u00e9s\u0171)<\/p>\n<p>m\u00e1rcius 3. Naturista usz\u00f3verseny. D\u00f6nt\u0151 (NaVKE)<\/p>\n<p>m\u00e1rcius 3. Farsang (SZIKI)<\/p>\n<p>m\u00e1rcius 27. L1 T\u00e1ncsz\u00ednh\u00e1z (NaVKE)<\/p>\n<p>\u00e1prilis 7. Naturista uszoda, szauna Esztergomban (NaVKE)<\/p>\n<p>\u00e1prilis 22. F\u00f6ld-napi nagytakar\u00edt\u00e1s a Velencei-t\u00f3 naturista strandj\u00e1n (NaVKE)<\/p>\n<p>\u00e1prilis 28-m\u00e1jus 1. Kemping nyit\u00f3h\u00e9tv\u00e9ge (SZIKI)<\/p>\n<p>\u00e1prilis 28-m\u00e1jus 1. Szezonnyit\u00f3 D\u00e9legyh\u00e1z\u00e1n (MNE)<\/p>\n<p>m\u00e1jus 5. Na-T\u00fara a Felvid\u00e9ken (NaVKE)<\/p>\n<p>m\u00e1jus 10. L1 T\u00e1ncsz\u00ednh\u00e1z (NaVKE)<\/p>\n<p>m\u00e1jus 11. Kemping nyit\u00f3 este 18.00. Welcome party (NBBKE)<\/p>\n<p>m\u00e1jus 12. Eg\u00e9sz napos gy\u00f3gyvizes f\u00fcrd\u0151z\u00e9s, szauna, j\u00f3ga a Ball\u00f3sz\u00f6gi \u00c9lm\u00e9nyf\u00fcrd\u0151ben (NaVKE)<\/p>\n<p>m\u00e1jus 12. Egyes\u00fcleti vacsora, diszk\u00f3 (NBBKE)<\/p>\n<p>m\u00e1jus 19. Kempingsz\u00e9p\u00edt\u00e9s kal\u00e1k\u00e1ban (SZIKI)<\/p>\n<p>m\u00e1jus 25-27. Borozgat\u00f3s relax Ak\u00e1cligeten (NaVKE)<\/p>\n<p>m\u00e1jus 26. Gyermeknap (SZIKI)<\/p>\n<p>m\u00e1jus 26-27. Gyermeknap? (MNE)<\/p>\n<p>j\u00fanius 2. Sz\u00e9ps\u00e9gparti. Diszk\u00f3 (NBBKE)<\/p>\n<p>j\u00fanius 13-17. Alpok-Adria Sporttal\u00e1lkoz\u00f3 a Solaris kempingben, Porecsben (INF-NAMASZ)<\/p>\n<p>j\u00fanius 16. Eg\u00e9szs\u00e9g nap. Diszk\u00f3 (NBBKE)<\/p>\n<p>j\u00falius 21. Kempingnap. Napk\u00f6zben: j\u00e1t\u00e9kok, f\u0151z\u0151verseny, k\u00f6z\u00f6s bogr\u00e1csos eb\u00e9d. Este: \u00e9l\u0151zen\u00e9s party (t\u00e1nc) (BALATONAKALI LEVENDULA NATURISTA KEMPING)<\/p>\n<p>j\u00fanius 18-24. M\u0171v\u00e9szt\u00e1bor (SZIKI)<\/p>\n<p>j\u00fanius v\u00e9ge? F\u0151z\u0151verseny. Motoros tal\u00e1lkoz\u00f3? (MNE)<\/p>\n<p>j\u00fanius 30. T\u00e1rsegyes\u00fcleti f\u0151z\u0151verseny. Diszk\u00f3 (NBBKE)<\/p>\n<p>j\u00falius 7. F\u0151z\u0151verseny (SZIKI)<\/p>\n<p>j\u00falius 14.? New Moon Party? (MNE)<\/p>\n<p>j\u00falius 9-15. XIX. Fiatal Naturist\u00e1k Tal\u00e1lkoz\u00f3ja (SZIKI)<\/p>\n<p>j\u00falius 20-21. M\u0171v\u00e9szetek H\u00e9tv\u00e9g\u00e9je (NBBKE)<\/p>\n<p>j\u00falius 21. Holland Bar\u00e1tainkat Fogad\u00f3 Buli (SZIKI)<\/p>\n<p>j\u00falius 23-29. XXX. Nemzetk\u00f6zi Naturista Sporttal\u00e1lkoz\u00f3 (SZIKI)<\/p>\n<p>j\u00falius 27. \u00c9l\u0151zen\u00e9s t\u00e1ncos este a 2017-ben m\u00e1r bemutatkozott du\u00f3val. (BALATONAKALI LEVENDULA NATURISTA KEMPING)<\/p>\n<p>j\u00falius 28. Strandok \u00e9jszak\u00e1ja, Csapjunk a lecs\u00f3ba (MNE)<\/p>\n<p>j\u00falius 28. Beach Party. Diszk\u00f3 (NBBKE)<\/p>\n<p>kb. j\u00falius 28-aug. 5.? Tiszai v\u00edzit\u00fara (NaVKE)<\/p>\n<p>augusztus 03. \u00c9l\u0151zen\u00e9s t\u00e1ncos este a 2017-ben m\u00e1r bemutatkozott du\u00f3val. (BALATONAKALI LEVENDULA NATURISTA KEMPING)<\/p>\n<p>augusztus 10. \u00c9l\u0151zen\u00e9s t\u00e1ncos este a 2017-ben m\u00e1r bemutatkozott du\u00f3val. (BALATONAKALI LEVENDULA NATURISTA KEMPING)<\/p>\n<p>augusztus 11. A \u201eT\u00f3 \u00fcnnepe\u201d (SZIKI)<\/p>\n<p>augusztus 18. Kempingnap.Napk\u00f6zben: j\u00e1t\u00e9kok, f\u0151z\u0151verseny, k\u00f6z\u00f6s bogr\u00e1csos eb\u00e9d Este: \u00e9l\u0151zen\u00e9s party (t\u00e1nc) (BALATONAKALI LEVENDULA NATURISTA KEMPING)<\/p>\n<p>augusztus 18-20. MNE Napok D\u00e9legyh\u00e1z\u00e1n. \u00dcnneps\u00e9g, versenyek, t\u00fczij\u00e1t\u00e9k, diszk\u00f3 (MNE)<\/p>\n<p>augusztus 18. Naplemente- \u00e9s Hull\u00f3csillagn\u00e9z\u0151 Buli (SZIKI)<\/p>\n<p>augusztus 19. T\u0171zt\u00e1ncosok. Disco (NBBKE)<\/p>\n<p>augusztus 20. Szent Istv\u00e1n \u00fcnnep Keny\u00e9rszentel\u00e9s. (NBBKE)<\/p>\n<p>szeptember 08. z\u00e1r\u00f3 h\u00e9tv\u00e9ge, diszk\u00f3 \u00e9s lampionos b\u00facs\u00fa (NBBKE)<\/p>\n<p>szeptember eleje L1 T\u00e1ncsz\u00ednh\u00e1z (NaVKE)<\/p>\n<p>szeptember 15-16. Kemping z\u00e1r\u00f3h\u00e9tv\u00e9ge (SZIKI)<\/p>\n<p>szeptember 22. ? Szezonz\u00e1r\u00f3 D\u00e9legyh\u00e1z\u00e1n (MNE)<\/p>\n<p>szeptember 22. Eg\u00e9sz napos gy\u00f3gyf\u00fcrd\u0151z\u00e9s, szauna, j\u00f3ga Ball\u00f3sz\u00f6g\u00f6n (NaVKE)<\/p>\n<p>szeptember 25. Na-T\u00fara (NaVKE)<\/p>\n<p>okt\u00f3ber 6. A NaVKE 18. \u00e9ves sz\u00fclinapi partija (NaVKE)<\/p>\n<p>november 3. Naturista uszoda, szauna Budapesten (NaVKE)<\/p>\n<p>december 8. Mikul\u00e1s\u00fcnneps\u00e9g. Vmi nagy buli lesz megint (NaVKE)<\/p>\n<\/div><\/section><\/div>\n<\/div><\/div><\/div>\n","protected":false},"excerpt":{"rendered":"","protected":false},"author":1,"featured_media":0,"parent":2524,"menu_order":0,"comment_status":"closed","ping_status":"closed","template":"","meta":{"_hu_post_content":"[av_section min_height='' min_height_px='500px' padding='default' shadow='no-shadow' bottom_border='no-border-styling' bottom_border_diagonal_color='#333333' bottom_border_diagonal_direction='' bottom_border_style='' id='' color='main_color' custom_bg='#f4f4f4' src='' attachment='' attachment_size='' attach='scroll' position='top left' repeat='no-repeat' video='' video_ratio='16:9' overlay_opacity='0.5' overlay_color='' overlay_pattern='' overlay_custom_pattern='' av_element_hidden_in_editor='0']\r\n[av_heading heading='Orsz\u00e1gos programok' tag='h1' style='blockquote modern-quote modern-centered' size='' subheading_active='' subheading_size='15' padding='10' color='' custom_font='' admin_preview_bg=''][\/av_heading]\r\n[\/av_section]\r\n\r\n[av_layout_row border='av-border-cells' min_height_percent='100' min_height='0' color='main_color' mobile='av-flex-cells' id='naturizmushirekracs' av_element_hidden_in_editor='0']\r\n\r\n[av_cell_one_fifth vertical_align='top' padding='30px' padding_sync='true' background_color='' src='' attachment='' attachment_size='' background_attachment='scroll' background_position='top left' background_repeat='no-repeat' mobile_display='av-hide-on-mobile']\r\n\r\n[\/av_cell_one_fifth][av_cell_one_fifth vertical_align='top' padding='0px' padding_sync='true' background_color='' src='' attachment='' attachment_size='' background_attachment='scroll' background_position='top left' background_repeat='no-repeat' mobile_display='']\r\n\r\n[av_one_full first min_height='av-equal-height-column' vertical_alignment='av-align-middle' space='no_margin' margin='0px' margin_sync='true' padding='0px' padding_sync='true' border='' border_color='' radius='0px' radius_sync='true' background_color='' src='' attachment='' attachment_size='' background_position='top left' background_repeat='no-repeat' animation='' mobile_display='']\r\n\r\n[av_table purpose='tabular' pricing_table_design='avia_pricing_minimal' pricing_hidden_cells='' caption='' responsive_styling='avia_responsive_table']\r\n[av_row row_style='avia-heading-row'][av_cell col_style='avia-center-col']<a class=\"natlink\" style=\"color: dark-blue; text-decoration: none;\" href=\"http:\/\/natours.hu\/hu\/naturizmus-hirek\/\">Etikett , H\u00e1zirend<\/a>[\/av_cell][\/av_row]\r\n[av_row row_style='avia-heading-row'][av_cell col_style='avia-center-col']<a class=\"natlink\" style=\"color: dark-blue; text-decoration: none;\" href=\"http:\/\/natours.hu\/hu\/naturizmushirek\/hirek-archivum\/\">H\u00edrek \/ arch\u00edvum<\/a>[\/av_cell][\/av_row]\r\n[av_row row_style='avia-heading-row'][av_cell col_style='avia-center-col']<a class=\"natlink\" style=\"color: dark-blue; text-decoration: none;\" href=\"http:\/\/natours.hu\/hu\/naturizmushirek\/a_naturizmusrol\/\">A naturizmusr\u00f3l<\/a>[\/av_cell][\/av_row]\r\n[av_row row_style='avia-heading-row'][av_cell col_style='avia-center-col']<a class=\"natlink\" style=\"color: dark-blue; text-decoration: none;\" href=\"http:\/\/natours.hu\/hu\/naturizmushirek\/szovetsegeink\/\">Sz\u00f6vets\u00e9geink<\/a>[\/av_cell][\/av_row]\r\n[av_row row_style='avia-heading-row'][av_cell col_style='avia-center-col']<a class=\"natlink\" style=\"color: dark-blue; text-decoration: none;\" href=\"http:\/\/natours.hu\/hu\/naturizmushirek\/tarsegyesuletek\/\">T\u00e1rsegyes\u00fcletek<\/a>[\/av_cell][\/av_row]\r\n[av_row row_style='avia-heading-row'][av_cell col_style='avia-center-col']<a class=\"natlink\" style=\"color: dark-blue; text-decoration: none;\" href=\"http:\/\/natours.hu\/hu\/naturizmushirek\/orszagos_programok\/\">Orsz\u00e1gos programok<\/a>[\/av_cell][\/av_row]\r\n[av_row row_style='avia-heading-row'][av_cell col_style='avia-center-col']<a class=\"natlink\" style=\"color: dark-blue; text-decoration: none;\" href=\"http:\/\/natours.hu\/hu\/naturizmushirek\/naturlista\/\">Naturlista<\/a>[\/av_cell][\/av_row]\r\n[av_row row_style='avia-heading-row'][av_cell col_style='avia-center-col']<a class=\"natlink\" style=\"color: dark-blue; text-decoration: none;\" href=\"http:\/\/natours.hu\/hu\/naturizmushirek\/szegedi_programok\/\">Szegedi programok<\/a>[\/av_cell][\/av_row]\r\n[av_row row_style='avia-heading-row'][av_cell col_style='avia-center-col']<a class=\"natlink\" style=\"color: dark-blue; text-decoration: none;\" href=\"http:\/\/natours.hu\/hu\/naturizmushirek\/hasznos_honlapok\/\">Hasznos honlapok<\/a>[\/av_cell][\/av_row]\r\n[\/av_table]\r\n\r\n[\/av_one_full][\/av_cell_one_fifth][av_cell_three_fifth vertical_align='top' padding='0px' padding_sync='true' background_color='' src='' attachment='' attachment_size='' background_attachment='scroll' background_position='top left' background_repeat='no-repeat' mobile_display='']\r\n\r\n[av_one_full first min_height='' vertical_alignment='av-align-top' space='no_margin' margin='0px' margin_sync='true' padding='40px' padding_sync='true' border='' border_color='' radius='0px' radius_sync='true' background_color='' src='' attachment='' attachment_size='' background_position='top left' background_repeat='no-repeat' animation='' mobile_display='']\r\n\r\n[av_textblock size='' font_color='' color='' admin_preview_bg='']\r\n<h4>\u00d6sszeszedt\u00fck az idei \u00e9vi naturista programokat le ne maradj valamelyik sz\u00e1modra szimpatikus esem\u00e9nyr\u0151l:<\/h4>\r\njanu\u00e1r 6. P\u00f3tszilveszter a Haj\u00f3s Alfr\u00e9d Tanuszod\u00e1ban (NaVKE)\r\n\r\njanu\u00e1r 13. P\u00f3tszilveszter (SZIKI)\r\n\r\nfebru\u00e1r 3. Naturista uszodai farsang, szauna (NaVKE)\r\n\r\nfebru\u00e1r 9-11. Diszn\u00f3v\u00e1g\u00e1s SZIKI-n (mag\u00e1nrendez\u00e9s\u0171)\r\n\r\nm\u00e1rcius 3. Naturista usz\u00f3verseny. D\u00f6nt\u0151 (NaVKE)\r\n\r\nm\u00e1rcius 3. Farsang (SZIKI)\r\n\r\nm\u00e1rcius 27. L1 T\u00e1ncsz\u00ednh\u00e1z (NaVKE)\r\n\r\n\u00e1prilis 7. Naturista uszoda, szauna Esztergomban (NaVKE)\r\n\r\n\u00e1prilis 22. F\u00f6ld-napi nagytakar\u00edt\u00e1s a Velencei-t\u00f3 naturista strandj\u00e1n (NaVKE)\r\n\r\n\u00e1prilis 28-m\u00e1jus 1. Kemping nyit\u00f3h\u00e9tv\u00e9ge (SZIKI)\r\n\r\n\u00e1prilis 28-m\u00e1jus 1. Szezonnyit\u00f3 D\u00e9legyh\u00e1z\u00e1n (MNE)\r\n\r\nm\u00e1jus 5. Na-T\u00fara a Felvid\u00e9ken (NaVKE)\r\n\r\nm\u00e1jus 10. L1 T\u00e1ncsz\u00ednh\u00e1z (NaVKE)\r\n\r\nm\u00e1jus 11. Kemping nyit\u00f3 este 18.00. Welcome party (NBBKE)\r\n\r\nm\u00e1jus 12. Eg\u00e9sz napos gy\u00f3gyvizes f\u00fcrd\u0151z\u00e9s, szauna, j\u00f3ga a Ball\u00f3sz\u00f6gi \u00c9lm\u00e9nyf\u00fcrd\u0151ben (NaVKE)\r\n\r\nm\u00e1jus 12. Egyes\u00fcleti vacsora, diszk\u00f3 (NBBKE)\r\n\r\nm\u00e1jus 19. Kempingsz\u00e9p\u00edt\u00e9s kal\u00e1k\u00e1ban (SZIKI)\r\n\r\nm\u00e1jus 25-27. Borozgat\u00f3s relax Ak\u00e1cligeten (NaVKE)\r\n\r\nm\u00e1jus 26. Gyermeknap (SZIKI)\r\n\r\nm\u00e1jus 26-27. Gyermeknap? (MNE)\r\n\r\nj\u00fanius 2. Sz\u00e9ps\u00e9gparti. Diszk\u00f3 (NBBKE)\r\n\r\nj\u00fanius 13-17. Alpok-Adria Sporttal\u00e1lkoz\u00f3 a Solaris kempingben, Porecsben (INF-NAMASZ)\r\n\r\nj\u00fanius 16. Eg\u00e9szs\u00e9g nap. Diszk\u00f3 (NBBKE)\r\n\r\nj\u00falius 21. Kempingnap. Napk\u00f6zben: j\u00e1t\u00e9kok, f\u0151z\u0151verseny, k\u00f6z\u00f6s bogr\u00e1csos eb\u00e9d. Este: \u00e9l\u0151zen\u00e9s party (t\u00e1nc) (BALATONAKALI LEVENDULA NATURISTA KEMPING)\r\n\r\nj\u00fanius 18-24. M\u0171v\u00e9szt\u00e1bor (SZIKI)\r\n\r\nj\u00fanius v\u00e9ge? F\u0151z\u0151verseny. Motoros tal\u00e1lkoz\u00f3? (MNE)\r\n\r\nj\u00fanius 30. T\u00e1rsegyes\u00fcleti f\u0151z\u0151verseny. Diszk\u00f3 (NBBKE)\r\n\r\nj\u00falius 7. F\u0151z\u0151verseny (SZIKI)\r\n\r\nj\u00falius 14.? New Moon Party? (MNE)\r\n\r\nj\u00falius 9-15. XIX. Fiatal Naturist\u00e1k Tal\u00e1lkoz\u00f3ja (SZIKI)\r\n\r\nj\u00falius 20-21. M\u0171v\u00e9szetek H\u00e9tv\u00e9g\u00e9je (NBBKE)\r\n\r\nj\u00falius 21. Holland Bar\u00e1tainkat Fogad\u00f3 Buli (SZIKI)\r\n\r\nj\u00falius 23-29. XXX. Nemzetk\u00f6zi Naturista Sporttal\u00e1lkoz\u00f3 (SZIKI)\r\n\r\nj\u00falius 27. \u00c9l\u0151zen\u00e9s t\u00e1ncos este a 2017-ben m\u00e1r bemutatkozott du\u00f3val. (BALATONAKALI LEVENDULA NATURISTA KEMPING)\r\n\r\nj\u00falius 28. Strandok \u00e9jszak\u00e1ja, Csapjunk a lecs\u00f3ba (MNE)\r\n\r\nj\u00falius 28. Beach Party. Diszk\u00f3 (NBBKE)\r\n\r\nkb. j\u00falius 28-aug. 5.? Tiszai v\u00edzit\u00fara (NaVKE)\r\n\r\naugusztus 03. \u00c9l\u0151zen\u00e9s t\u00e1ncos este a 2017-ben m\u00e1r bemutatkozott du\u00f3val. (BALATONAKALI LEVENDULA NATURISTA KEMPING)\r\n\r\naugusztus 10. \u00c9l\u0151zen\u00e9s t\u00e1ncos este a 2017-ben m\u00e1r bemutatkozott du\u00f3val. (BALATONAKALI LEVENDULA NATURISTA KEMPING)\r\n\r\naugusztus 11. A \u201eT\u00f3 \u00fcnnepe\u201d (SZIKI)\r\n\r\naugusztus 18. Kempingnap.Napk\u00f6zben: j\u00e1t\u00e9kok, f\u0151z\u0151verseny, k\u00f6z\u00f6s bogr\u00e1csos eb\u00e9d Este: \u00e9l\u0151zen\u00e9s party (t\u00e1nc) (BALATONAKALI LEVENDULA NATURISTA KEMPING)\r\n\r\naugusztus 18-20. MNE Napok D\u00e9legyh\u00e1z\u00e1n. \u00dcnneps\u00e9g, versenyek, t\u00fczij\u00e1t\u00e9k, diszk\u00f3 (MNE)\r\n\r\naugusztus 18. Naplemente- \u00e9s Hull\u00f3csillagn\u00e9z\u0151 Buli (SZIKI)\r\n\r\naugusztus 19. T\u0171zt\u00e1ncosok. Disco (NBBKE)\r\n\r\naugusztus 20. Szent Istv\u00e1n \u00fcnnep Keny\u00e9rszentel\u00e9s. (NBBKE)\r\n\r\nszeptember 08. z\u00e1r\u00f3 h\u00e9tv\u00e9ge, diszk\u00f3 \u00e9s lampionos b\u00facs\u00fa (NBBKE)\r\n\r\nszeptember eleje L1 T\u00e1ncsz\u00ednh\u00e1z (NaVKE)\r\n\r\nszeptember 15-16. Kemping z\u00e1r\u00f3h\u00e9tv\u00e9ge (SZIKI)\r\n\r\nszeptember 22. ? Szezonz\u00e1r\u00f3 D\u00e9legyh\u00e1z\u00e1n (MNE)\r\n\r\nszeptember 22. Eg\u00e9sz napos gy\u00f3gyf\u00fcrd\u0151z\u00e9s, szauna, j\u00f3ga Ball\u00f3sz\u00f6g\u00f6n (NaVKE)\r\n\r\nszeptember 25. Na-T\u00fara (NaVKE)\r\n\r\nokt\u00f3ber 6. A NaVKE 18. \u00e9ves sz\u00fclinapi partija (NaVKE)\r\n\r\nnovember 3. Naturista uszoda, szauna Budapesten (NaVKE)\r\n\r\ndecember 8. Mikul\u00e1s\u00fcnneps\u00e9g. Vmi nagy buli lesz megint (NaVKE)\r\n[\/av_textblock]\r\n\r\n[\/av_one_full][\/av_cell_three_fifth][\/av_layout_row]","_hu_post_name":"orszagos_programok","_hu_post_excerpt":"","_hu_post_title":"Orsz\u00e1gos programok","_en_post_content":"","_en_post_name":"","_en_post_excerpt":"","_en_post_title":"","edit_language":"hu"},"_links":{"self":[{"href":"https:\/\/natours.hu\/hu\/wp-json\/wp\/v2\/pages\/2669"}],"collection":[{"href":"https:\/\/natours.hu\/hu\/wp-json\/wp\/v2\/pages"}],"about":[{"href":"https:\/\/natours.hu\/hu\/wp-json\/wp\/v2\/types\/page"}],"author":[{"embeddable":true,"href":"https:\/\/natours.hu\/hu\/wp-json\/wp\/v2\/users\/1"}],"replies":[{"embeddable":true,"href":"https:\/\/natours.hu\/hu\/wp-json\/wp\/v2\/comments?post=2669"}],"version-history":[{"count":5,"href":"https:\/\/natours.hu\/hu\/wp-json\/wp\/v2\/pages\/2669\/revisions"}],"predecessor-version":[{"id":2759,"href":"https:\/\/natours.hu\/hu\/wp-json\/wp\/v2\/pages\/2669\/revisions\/2759"}],"up":[{"embeddable":true,"href":"https:\/\/natours.hu\/hu\/wp-json\/wp\/v2\/pages\/2524"}],"wp:attachment":[{"href":"https:\/\/natours.hu\/hu\/wp-json\/wp\/v2\/media?parent=2669"}],"curies":[{"name":"wp","href":"https:\/\/api.w.org\/{rel}","templated":true}]}}